{"id":2206,"date":"2025-09-03T18:42:02","date_gmt":"2025-09-03T18:42:02","guid":{"rendered":"https:\/\/smartwalker.se\/?page_id=2206"},"modified":"2025-09-03T18:44:27","modified_gmt":"2025-09-03T18:44:27","slug":"smartwalker-newbasic","status":"publish","type":"page","link":"https:\/\/smartwalker.se\/nb\/smartwalker-newbasic\/","title":{"rendered":"Smartwalker New Basic"},"content":{"rendered":"<div data-elementor-type=\"wp-page\" data-elementor-id=\"2206\" class=\"elementor elementor-2206\">\n\t\t\t\t\t\t<section class=\"elementor-section elementor-top-section elementor-element elementor-element-41590270 elementor-section-boxed elementor-section-height-default elementor-section-height-default\" data-id=\"41590270\" data-element_type=\"section\">\n\t\t\t\t\t\t<div class=\"elementor-container elementor-column-gap-default\">\n\t\t\t\t\t<div class=\"elementor-column elementor-col-100 elementor-top-column elementor-element elementor-element-144848c9\" data-id=\"144848c9\" data-element_type=\"column\">\n\t\t\t<div class=\"elementor-widget-wrap elementor-element-populated\">\n\t\t\t\t\t\t<div class=\"elementor-element elementor-element-9a54618 elementor-widget elementor-widget-heading\" data-id=\"9a54618\" data-element_type=\"widget\" data-widget_type=\"heading.default\">\n\t\t\t\t<div class=\"elementor-widget-container\">\n\t\t\t\t\t<h2 class=\"elementor-heading-title elementor-size-default\">Smartwalker New Basic<\/h2>\t\t\t\t<\/div>\n\t\t\t\t<\/div>\n\t\t\t\t\t<\/div>\n\t\t<\/div>\n\t\t\t\t\t<\/div>\n\t\t<\/section>\n\t\t\t\t<section class=\"elementor-section elementor-top-section elementor-element elementor-element-550f977 elementor-section-boxed elementor-section-height-default elementor-section-height-default\" data-id=\"550f977\" data-element_type=\"section\">\n\t\t\t\t\t\t<div class=\"elementor-container elementor-column-gap-default\">\n\t\t\t\t\t<div class=\"elementor-column elementor-col-100 elementor-top-column elementor-element elementor-element-6534f27\" data-id=\"6534f27\" data-element_type=\"column\">\n\t\t\t<div class=\"elementor-widget-wrap elementor-element-populated\">\n\t\t\t\t\t\t<div class=\"elementor-element elementor-element-ce4b5d1 elementor-widget-divider--view-line elementor-widget elementor-widget-divider\" data-id=\"ce4b5d1\" data-element_type=\"widget\" data-widget_type=\"divider.default\">\n\t\t\t\t<div class=\"elementor-widget-container\">\n\t\t\t\t\t\t\t<div class=\"elementor-divider\">\n\t\t\t<span class=\"elementor-divider-separator\">\n\t\t\t\t\t\t<\/span>\n\t\t<\/div>\n\t\t\t\t\t\t<\/div>\n\t\t\t\t<\/div>\n\t\t\t\t\t<\/div>\n\t\t<\/div>\n\t\t\t\t\t<\/div>\n\t\t<\/section>\n\t\t\t\t<section class=\"elementor-section elementor-top-section elementor-element elementor-element-170f599 elementor-section-boxed elementor-section-height-default elementor-section-height-default\" data-id=\"170f599\" data-element_type=\"section\">\n\t\t\t\t\t\t<div class=\"elementor-container elementor-column-gap-default\">\n\t\t\t\t\t<div class=\"elementor-column elementor-col-100 elementor-top-column elementor-element elementor-element-05a2197\" data-id=\"05a2197\" data-element_type=\"column\">\n\t\t\t<div class=\"elementor-widget-wrap\">\n\t\t\t\t\t\t\t<\/div>\n\t\t<\/div>\n\t\t\t\t\t<\/div>\n\t\t<\/section>\n\t\t\t\t<section class=\"elementor-section elementor-top-section elementor-element elementor-element-7840719 elementor-section-boxed elementor-section-height-default elementor-section-height-default\" data-id=\"7840719\" data-element_type=\"section\">\n\t\t\t\t\t\t<div class=\"elementor-container elementor-column-gap-default\">\n\t\t\t\t\t<div class=\"elementor-column elementor-col-100 elementor-top-column elementor-element elementor-element-a5f6ecd\" data-id=\"a5f6ecd\" data-element_type=\"column\">\n\t\t\t<div class=\"elementor-widget-wrap elementor-element-populated\">\n\t\t\t\t\t\t<section class=\"elementor-section elementor-inner-section elementor-element elementor-element-d674226 elementor-section-boxed elementor-section-height-default elementor-section-height-default\" data-id=\"d674226\" data-element_type=\"section\">\n\t\t\t\t\t\t<div class=\"elementor-container elementor-column-gap-default\">\n\t\t\t\t\t<div class=\"elementor-column elementor-col-50 elementor-inner-column elementor-element elementor-element-80ef3c2\" data-id=\"80ef3c2\" data-element_type=\"column\">\n\t\t\t<div class=\"elementor-widget-wrap elementor-element-populated\">\n\t\t\t\t\t\t<div class=\"elementor-element elementor-element-23ad485 elementor-widget elementor-widget-text-editor\" data-id=\"23ad485\" data-element_type=\"widget\" data-widget_type=\"text-editor.default\">\n\t\t\t\t<div class=\"elementor-widget-container\">\n\t\t\t\t\t\t\t\t\t<p>SMARTWALKER NEW BASIC \u00e4r en ny produkt framtagen till hemmabruk f\u00f6r dig som djur\u00e4gare med den lite st\u00f6rre hunden. \u00c4r MINI f\u00f6r liten? D\u00e5 passar kanske New Basic b\u00e4ttre f\u00f6r dig!<\/p><p>Placeras i badrummet, grovk\u00f6ket eller d\u00e4r du har plats. New Basic har m\u00e5tten ca 110cm l\u00e5ng, bredd ca 40cm och h\u00f6jd ca. 60cm.<\/p><p>L\u00f6pbandsl\u00e4ngden \u00e4r ca. 100\u00d730 cm. Vikt ca. 100kg. Max belastning ca 25kg<\/p><p>SMARTWALKER New Basic kan f\u00e5s utan in och utg\u00e5ngar vilket inneb\u00e4r att du lyfter hunden i och ur eller med en bredare in\/utg\u00e5ng p\u00e5 l\u00e5ngsidan.<\/p>\t\t\t\t\t\t\t\t<\/div>\n\t\t\t\t<\/div>\n\t\t\t\t\t<\/div>\n\t\t<\/div>\n\t\t\t\t<div class=\"elementor-column elementor-col-50 elementor-inner-column elementor-element elementor-element-354c6d9\" data-id=\"354c6d9\" data-element_type=\"column\">\n\t\t\t<div class=\"elementor-widget-wrap elementor-element-populated\">\n\t\t\t\t\t\t<div class=\"elementor-element elementor-element-6ed16f0 elementor-widget elementor-widget-image\" data-id=\"6ed16f0\" data-element_type=\"widget\" data-widget_type=\"image.default\">\n\t\t\t\t<div class=\"elementor-widget-container\">\n\t\t\t\t\t\t\t\t\t\t\t\t\t\t\t<img fetchpriority=\"high\" decoding=\"async\" width=\"1024\" height=\"768\" src=\"https:\/\/smartwalker.se\/wp-content\/uploads\/2025\/09\/SMARTWALKER-MINI-NEW-BASIC-25-med-oppen-dorr-1024x768.jpg\" class=\"attachment-large size-large wp-image-2208\" alt=\"\" srcset=\"https:\/\/smartwalker.se\/wp-content\/uploads\/2025\/09\/SMARTWALKER-MINI-NEW-BASIC-25-med-oppen-dorr-1024x768.jpg 1024w, https:\/\/smartwalker.se\/wp-content\/uploads\/2025\/09\/SMARTWALKER-MINI-NEW-BASIC-25-med-oppen-dorr-300x225.jpg 300w, https:\/\/smartwalker.se\/wp-content\/uploads\/2025\/09\/SMARTWALKER-MINI-NEW-BASIC-25-med-oppen-dorr-768x576.jpg 768w, https:\/\/smartwalker.se\/wp-content\/uploads\/2025\/09\/SMARTWALKER-MINI-NEW-BASIC-25-med-oppen-dorr-1536x1152.jpg 1536w, https:\/\/smartwalker.se\/wp-content\/uploads\/2025\/09\/SMARTWALKER-MINI-NEW-BASIC-25-med-oppen-dorr-2048x1536.jpg 2048w, https:\/\/smartwalker.se\/wp-content\/uploads\/2025\/09\/SMARTWALKER-MINI-NEW-BASIC-25-med-oppen-dorr-16x12.jpg 16w, https:\/\/smartwalker.se\/wp-content\/uploads\/2025\/09\/SMARTWALKER-MINI-NEW-BASIC-25-med-oppen-dorr-830x623.jpg 830w, https:\/\/smartwalker.se\/wp-content\/uploads\/2025\/09\/SMARTWALKER-MINI-NEW-BASIC-25-med-oppen-dorr-230x173.jpg 230w, https:\/\/smartwalker.se\/wp-content\/uploads\/2025\/09\/SMARTWALKER-MINI-NEW-BASIC-25-med-oppen-dorr-350x263.jpg 350w, https:\/\/smartwalker.se\/wp-content\/uploads\/2025\/09\/SMARTWALKER-MINI-NEW-BASIC-25-med-oppen-dorr-480x360.jpg 480w\" sizes=\"(max-width: 1024px) 100vw, 1024px\" \/>\t\t\t\t\t\t\t\t\t\t\t\t\t\t\t<\/div>\n\t\t\t\t<\/div>\n\t\t\t\t\t<\/div>\n\t\t<\/div>\n\t\t\t\t\t<\/div>\n\t\t<\/section>\n\t\t\t\t\t<\/div>\n\t\t<\/div>\n\t\t\t\t\t<\/div>\n\t\t<\/section>\n\t\t\t\t<\/div>","protected":false},"excerpt":{"rendered":"<p>Smartwalker New Basic SMARTWALKER NEW BASIC \u00e4r en ny produkt framtagen till hemmabruk f\u00f6r dig som djur\u00e4gare med den lite st\u00f6rre hunden. \u00c4r MINI f\u00f6r liten? D\u00e5 passar kanske New Basic b\u00e4ttre f\u00f6r dig! Placeras i badrummet, grovk\u00f6ket eller d\u00e4r du har plats. New Basic har m\u00e5tten ca 110cm l\u00e5ng, bredd ca 40cm och h\u00f6jd [&hellip;]<\/p>","protected":false},"author":1,"featured_media":0,"parent":0,"menu_order":0,"comment_status":"closed","ping_status":"closed","template":"elementor_header_footer","meta":{"footnotes":""},"class_list":["post-2206","page","type-page","status-publish","hentry"],"yoast_head":"<!-- This site is optimized with the Yoast SEO plugin v27.4 - https:\/\/yoast.com\/product\/yoast-seo-wordpress\/ -->\n<title>Smartwalker New Basic - Smartwalker<\/title>\n<meta name=\"description\" content=\"Galleri d\u00e4r ni kan se v\u00e5ra vattentraskare Smartwalker Basic, Smartwalker Duo och Smartwalker Pro. Inneh\u00e5ller \u00e4ven bilder p\u00e5 Smartviber.\" \/>\n<meta name=\"robots\" content=\"index, follow, max-snippet:-1, max-image-preview:large, max-video-preview:-1\" \/>\n<link rel=\"canonical\" href=\"https:\/\/smartwalker.se\/nb\/smartwalker-newbasic\/\" \/>\n<meta property=\"og:locale\" content=\"nb_NO\" \/>\n<meta property=\"og:type\" content=\"article\" \/>\n<meta property=\"og:title\" content=\"Smartwalker New Basic - Smartwalker\" \/>\n<meta property=\"og:description\" content=\"Galleri d\u00e4r ni kan se v\u00e5ra vattentraskare Smartwalker Basic, Smartwalker Duo och Smartwalker Pro. Inneh\u00e5ller \u00e4ven bilder p\u00e5 Smartviber.\" \/>\n<meta property=\"og:url\" content=\"https:\/\/smartwalker.se\/nb\/smartwalker-newbasic\/\" \/>\n<meta property=\"og:site_name\" content=\"Smartwalker\" \/>\n<meta property=\"article:publisher\" content=\"https:\/\/www.facebook.com\/4bensRehab\" \/>\n<meta property=\"article:modified_time\" content=\"2025-09-03T18:44:27+00:00\" \/>\n<meta property=\"og:image\" content=\"https:\/\/smartwalker.se\/wp-content\/uploads\/2025\/09\/SMARTWALKER-MINI-NEW-BASIC-25-med-oppen-dorr-scaled.jpg\" \/>\n\t<meta property=\"og:image:width\" content=\"2560\" \/>\n\t<meta property=\"og:image:height\" content=\"1920\" \/>\n\t<meta property=\"og:image:type\" content=\"image\/jpeg\" \/>\n<meta name=\"twitter:card\" content=\"summary_large_image\" \/>\n<meta name=\"twitter:label1\" content=\"Ansl. lesetid\" \/>\n\t<meta name=\"twitter:data1\" content=\"1 minutt\" \/>\n<script type=\"application\/ld+json\" class=\"yoast-schema-graph\">{\"@context\":\"https:\\\/\\\/schema.org\",\"@graph\":[{\"@type\":\"WebPage\",\"@id\":\"https:\\\/\\\/smartwalker.se\\\/smartwalker-newbasic\\\/\",\"url\":\"https:\\\/\\\/smartwalker.se\\\/smartwalker-newbasic\\\/\",\"name\":\"Smartwalker New Basic - Smartwalker\",\"isPartOf\":{\"@id\":\"https:\\\/\\\/smartwalker.se\\\/#website\"},\"primaryImageOfPage\":{\"@id\":\"https:\\\/\\\/smartwalker.se\\\/smartwalker-newbasic\\\/#primaryimage\"},\"image\":{\"@id\":\"https:\\\/\\\/smartwalker.se\\\/smartwalker-newbasic\\\/#primaryimage\"},\"thumbnailUrl\":\"https:\\\/\\\/smartwalker.se\\\/wp-content\\\/uploads\\\/2025\\\/09\\\/SMARTWALKER-MINI-NEW-BASIC-25-med-oppen-dorr-1024x768.jpg\",\"datePublished\":\"2025-09-03T18:42:02+00:00\",\"dateModified\":\"2025-09-03T18:44:27+00:00\",\"description\":\"Galleri d\u00e4r ni kan se v\u00e5ra vattentraskare Smartwalker Basic, Smartwalker Duo och Smartwalker Pro. Inneh\u00e5ller \u00e4ven bilder p\u00e5 Smartviber.\",\"breadcrumb\":{\"@id\":\"https:\\\/\\\/smartwalker.se\\\/smartwalker-newbasic\\\/#breadcrumb\"},\"inLanguage\":\"nb-NO\",\"potentialAction\":[{\"@type\":\"ReadAction\",\"target\":[\"https:\\\/\\\/smartwalker.se\\\/smartwalker-newbasic\\\/\"]}]},{\"@type\":\"ImageObject\",\"inLanguage\":\"nb-NO\",\"@id\":\"https:\\\/\\\/smartwalker.se\\\/smartwalker-newbasic\\\/#primaryimage\",\"url\":\"https:\\\/\\\/smartwalker.se\\\/wp-content\\\/uploads\\\/2025\\\/09\\\/SMARTWALKER-MINI-NEW-BASIC-25-med-oppen-dorr-1024x768.jpg\",\"contentUrl\":\"https:\\\/\\\/smartwalker.se\\\/wp-content\\\/uploads\\\/2025\\\/09\\\/SMARTWALKER-MINI-NEW-BASIC-25-med-oppen-dorr-1024x768.jpg\"},{\"@type\":\"BreadcrumbList\",\"@id\":\"https:\\\/\\\/smartwalker.se\\\/smartwalker-newbasic\\\/#breadcrumb\",\"itemListElement\":[{\"@type\":\"ListItem\",\"position\":1,\"name\":\"Hem\",\"item\":\"https:\\\/\\\/smartwalker.se\\\/\"},{\"@type\":\"ListItem\",\"position\":2,\"name\":\"Smartwalker New Basic\"}]},{\"@type\":\"WebSite\",\"@id\":\"https:\\\/\\\/smartwalker.se\\\/#website\",\"url\":\"https:\\\/\\\/smartwalker.se\\\/\",\"name\":\"Smartwalker\",\"description\":\"Tr\u00e4ningsutrustning f\u00f6r hundar tillverkat i Danmark!\",\"publisher\":{\"@id\":\"https:\\\/\\\/smartwalker.se\\\/#organization\"},\"potentialAction\":[{\"@type\":\"SearchAction\",\"target\":{\"@type\":\"EntryPoint\",\"urlTemplate\":\"https:\\\/\\\/smartwalker.se\\\/?s={search_term_string}\"},\"query-input\":{\"@type\":\"PropertyValueSpecification\",\"valueRequired\":true,\"valueName\":\"search_term_string\"}}],\"inLanguage\":\"nb-NO\"},{\"@type\":\"Organization\",\"@id\":\"https:\\\/\\\/smartwalker.se\\\/#organization\",\"name\":\"Smartwalker\",\"url\":\"https:\\\/\\\/smartwalker.se\\\/\",\"logo\":{\"@type\":\"ImageObject\",\"inLanguage\":\"nb-NO\",\"@id\":\"https:\\\/\\\/smartwalker.se\\\/#\\\/schema\\\/logo\\\/image\\\/\",\"url\":\"https:\\\/\\\/smartwalker.se\\\/wp-content\\\/uploads\\\/2017\\\/07\\\/9Juw83-3000px-e1501530405960.png\",\"contentUrl\":\"https:\\\/\\\/smartwalker.se\\\/wp-content\\\/uploads\\\/2017\\\/07\\\/9Juw83-3000px-e1501530405960.png\",\"width\":155,\"height\":86,\"caption\":\"Smartwalker\"},\"image\":{\"@id\":\"https:\\\/\\\/smartwalker.se\\\/#\\\/schema\\\/logo\\\/image\\\/\"},\"sameAs\":[\"https:\\\/\\\/www.facebook.com\\\/4bensRehab\"]}]}<\/script>\n<!-- \/ Yoast SEO plugin. -->","yoast_head_json":{"title":"Smartwalker New Basic - Smartwalker","description":"Galleri d\u00e4r ni kan se v\u00e5ra vattentraskare Smartwalker Basic, Smartwalker Duo och Smartwalker Pro. Inneh\u00e5ller \u00e4ven bilder p\u00e5 Smartviber.","robots":{"index":"index","follow":"follow","max-snippet":"max-snippet:-1","max-image-preview":"max-image-preview:large","max-video-preview":"max-video-preview:-1"},"canonical":"https:\/\/smartwalker.se\/nb\/smartwalker-newbasic\/","og_locale":"nb_NO","og_type":"article","og_title":"Smartwalker New Basic - Smartwalker","og_description":"Galleri d\u00e4r ni kan se v\u00e5ra vattentraskare Smartwalker Basic, Smartwalker Duo och Smartwalker Pro. Inneh\u00e5ller \u00e4ven bilder p\u00e5 Smartviber.","og_url":"https:\/\/smartwalker.se\/nb\/smartwalker-newbasic\/","og_site_name":"Smartwalker","article_publisher":"https:\/\/www.facebook.com\/4bensRehab","article_modified_time":"2025-09-03T18:44:27+00:00","og_image":[{"width":2560,"height":1920,"url":"https:\/\/smartwalker.se\/wp-content\/uploads\/2025\/09\/SMARTWALKER-MINI-NEW-BASIC-25-med-oppen-dorr-scaled.jpg","type":"image\/jpeg"}],"twitter_card":"summary_large_image","twitter_misc":{"Ansl. lesetid":"1 minutt"},"schema":{"@context":"https:\/\/schema.org","@graph":[{"@type":"WebPage","@id":"https:\/\/smartwalker.se\/smartwalker-newbasic\/","url":"https:\/\/smartwalker.se\/smartwalker-newbasic\/","name":"Smartwalker New Basic - Smartwalker","isPartOf":{"@id":"https:\/\/smartwalker.se\/#website"},"primaryImageOfPage":{"@id":"https:\/\/smartwalker.se\/smartwalker-newbasic\/#primaryimage"},"image":{"@id":"https:\/\/smartwalker.se\/smartwalker-newbasic\/#primaryimage"},"thumbnailUrl":"https:\/\/smartwalker.se\/wp-content\/uploads\/2025\/09\/SMARTWALKER-MINI-NEW-BASIC-25-med-oppen-dorr-1024x768.jpg","datePublished":"2025-09-03T18:42:02+00:00","dateModified":"2025-09-03T18:44:27+00:00","description":"Galleri d\u00e4r ni kan se v\u00e5ra vattentraskare Smartwalker Basic, Smartwalker Duo och Smartwalker Pro. Inneh\u00e5ller \u00e4ven bilder p\u00e5 Smartviber.","breadcrumb":{"@id":"https:\/\/smartwalker.se\/smartwalker-newbasic\/#breadcrumb"},"inLanguage":"nb-NO","potentialAction":[{"@type":"ReadAction","target":["https:\/\/smartwalker.se\/smartwalker-newbasic\/"]}]},{"@type":"ImageObject","inLanguage":"nb-NO","@id":"https:\/\/smartwalker.se\/smartwalker-newbasic\/#primaryimage","url":"https:\/\/smartwalker.se\/wp-content\/uploads\/2025\/09\/SMARTWALKER-MINI-NEW-BASIC-25-med-oppen-dorr-1024x768.jpg","contentUrl":"https:\/\/smartwalker.se\/wp-content\/uploads\/2025\/09\/SMARTWALKER-MINI-NEW-BASIC-25-med-oppen-dorr-1024x768.jpg"},{"@type":"BreadcrumbList","@id":"https:\/\/smartwalker.se\/smartwalker-newbasic\/#breadcrumb","itemListElement":[{"@type":"ListItem","position":1,"name":"Hem","item":"https:\/\/smartwalker.se\/"},{"@type":"ListItem","position":2,"name":"Smartwalker New Basic"}]},{"@type":"WebSite","@id":"https:\/\/smartwalker.se\/#website","url":"https:\/\/smartwalker.se\/","name":"Smartwalker","description":"Tr\u00e4ningsutrustning f\u00f6r hundar tillverkat i Danmark!","publisher":{"@id":"https:\/\/smartwalker.se\/#organization"},"potentialAction":[{"@type":"SearchAction","target":{"@type":"EntryPoint","urlTemplate":"https:\/\/smartwalker.se\/?s={search_term_string}"},"query-input":{"@type":"PropertyValueSpecification","valueRequired":true,"valueName":"search_term_string"}}],"inLanguage":"nb-NO"},{"@type":"Organization","@id":"https:\/\/smartwalker.se\/#organization","name":"Smartwalker","url":"https:\/\/smartwalker.se\/","logo":{"@type":"ImageObject","inLanguage":"nb-NO","@id":"https:\/\/smartwalker.se\/#\/schema\/logo\/image\/","url":"https:\/\/smartwalker.se\/wp-content\/uploads\/2017\/07\/9Juw83-3000px-e1501530405960.png","contentUrl":"https:\/\/smartwalker.se\/wp-content\/uploads\/2017\/07\/9Juw83-3000px-e1501530405960.png","width":155,"height":86,"caption":"Smartwalker"},"image":{"@id":"https:\/\/smartwalker.se\/#\/schema\/logo\/image\/"},"sameAs":["https:\/\/www.facebook.com\/4bensRehab"]}]}},"_links":{"self":[{"href":"https:\/\/smartwalker.se\/nb\/wp-json\/wp\/v2\/pages\/2206","targetHints":{"allow":["GET"]}}],"collection":[{"href":"https:\/\/smartwalker.se\/nb\/wp-json\/wp\/v2\/pages"}],"about":[{"href":"https:\/\/smartwalker.se\/nb\/wp-json\/wp\/v2\/types\/page"}],"author":[{"embeddable":true,"href":"https:\/\/smartwalker.se\/nb\/wp-json\/wp\/v2\/users\/1"}],"replies":[{"embeddable":true,"href":"https:\/\/smartwalker.se\/nb\/wp-json\/wp\/v2\/comments?post=2206"}],"version-history":[{"count":4,"href":"https:\/\/smartwalker.se\/nb\/wp-json\/wp\/v2\/pages\/2206\/revisions"}],"predecessor-version":[{"id":2212,"href":"https:\/\/smartwalker.se\/nb\/wp-json\/wp\/v2\/pages\/2206\/revisions\/2212"}],"wp:attachment":[{"href":"https:\/\/smartwalker.se\/nb\/wp-json\/wp\/v2\/media?parent=2206"}],"curies":[{"name":"wp","href":"https:\/\/api.w.org\/{rel}","templated":true}]}}