{"id":2157,"date":"2025-03-15T18:19:40","date_gmt":"2025-03-15T18:19:40","guid":{"rendered":"https:\/\/smartwalker.se\/?page_id=2157"},"modified":"2025-03-15T18:24:50","modified_gmt":"2025-03-15T18:24:50","slug":"smartwalker-mini","status":"publish","type":"page","link":"https:\/\/smartwalker.se\/nb\/smartwalker-mini\/","title":{"rendered":"Smartwalker Mini"},"content":{"rendered":"<div data-elementor-type=\"wp-page\" data-elementor-id=\"2157\" class=\"elementor elementor-2157\">\n\t\t\t\t\t\t<section class=\"elementor-section elementor-top-section elementor-element elementor-element-41590270 elementor-section-boxed elementor-section-height-default elementor-section-height-default\" data-id=\"41590270\" data-element_type=\"section\">\n\t\t\t\t\t\t<div class=\"elementor-container elementor-column-gap-default\">\n\t\t\t\t\t<div class=\"elementor-column elementor-col-100 elementor-top-column elementor-element elementor-element-144848c9\" data-id=\"144848c9\" data-element_type=\"column\">\n\t\t\t<div class=\"elementor-widget-wrap elementor-element-populated\">\n\t\t\t\t\t\t<div class=\"elementor-element elementor-element-9a54618 elementor-widget elementor-widget-heading\" data-id=\"9a54618\" data-element_type=\"widget\" data-widget_type=\"heading.default\">\n\t\t\t\t<div class=\"elementor-widget-container\">\n\t\t\t\t\t<h2 class=\"elementor-heading-title elementor-size-default\">Smartwalker Mini<\/h2>\t\t\t\t<\/div>\n\t\t\t\t<\/div>\n\t\t\t\t\t<\/div>\n\t\t<\/div>\n\t\t\t\t\t<\/div>\n\t\t<\/section>\n\t\t\t\t<section class=\"elementor-section elementor-top-section elementor-element elementor-element-550f977 elementor-section-boxed elementor-section-height-default elementor-section-height-default\" data-id=\"550f977\" data-element_type=\"section\">\n\t\t\t\t\t\t<div class=\"elementor-container elementor-column-gap-default\">\n\t\t\t\t\t<div class=\"elementor-column elementor-col-100 elementor-top-column elementor-element elementor-element-6534f27\" data-id=\"6534f27\" data-element_type=\"column\">\n\t\t\t<div class=\"elementor-widget-wrap elementor-element-populated\">\n\t\t\t\t\t\t<div class=\"elementor-element elementor-element-ce4b5d1 elementor-widget-divider--view-line elementor-widget elementor-widget-divider\" data-id=\"ce4b5d1\" data-element_type=\"widget\" data-widget_type=\"divider.default\">\n\t\t\t\t<div class=\"elementor-widget-container\">\n\t\t\t\t\t\t\t<div class=\"elementor-divider\">\n\t\t\t<span class=\"elementor-divider-separator\">\n\t\t\t\t\t\t<\/span>\n\t\t<\/div>\n\t\t\t\t\t\t<\/div>\n\t\t\t\t<\/div>\n\t\t\t\t\t<\/div>\n\t\t<\/div>\n\t\t\t\t\t<\/div>\n\t\t<\/section>\n\t\t\t\t<section class=\"elementor-section elementor-top-section elementor-element elementor-element-170f599 elementor-section-boxed elementor-section-height-default elementor-section-height-default\" data-id=\"170f599\" data-element_type=\"section\">\n\t\t\t\t\t\t<div class=\"elementor-container elementor-column-gap-default\">\n\t\t\t\t\t<div class=\"elementor-column elementor-col-100 elementor-top-column elementor-element elementor-element-05a2197\" data-id=\"05a2197\" data-element_type=\"column\">\n\t\t\t<div class=\"elementor-widget-wrap\">\n\t\t\t\t\t\t\t<\/div>\n\t\t<\/div>\n\t\t\t\t\t<\/div>\n\t\t<\/section>\n\t\t\t\t<section class=\"elementor-section elementor-top-section elementor-element elementor-element-7840719 elementor-section-boxed elementor-section-height-default elementor-section-height-default\" data-id=\"7840719\" data-element_type=\"section\">\n\t\t\t\t\t\t<div class=\"elementor-container elementor-column-gap-default\">\n\t\t\t\t\t<div class=\"elementor-column elementor-col-100 elementor-top-column elementor-element elementor-element-a5f6ecd\" data-id=\"a5f6ecd\" data-element_type=\"column\">\n\t\t\t<div class=\"elementor-widget-wrap elementor-element-populated\">\n\t\t\t\t\t\t<section class=\"elementor-section elementor-inner-section elementor-element elementor-element-d674226 elementor-section-boxed elementor-section-height-default elementor-section-height-default\" data-id=\"d674226\" data-element_type=\"section\">\n\t\t\t\t\t\t<div class=\"elementor-container elementor-column-gap-default\">\n\t\t\t\t\t<div class=\"elementor-column elementor-col-50 elementor-inner-column elementor-element elementor-element-80ef3c2\" data-id=\"80ef3c2\" data-element_type=\"column\">\n\t\t\t<div class=\"elementor-widget-wrap elementor-element-populated\">\n\t\t\t\t\t\t<div class=\"elementor-element elementor-element-23ad485 elementor-widget elementor-widget-text-editor\" data-id=\"23ad485\" data-element_type=\"widget\" data-widget_type=\"text-editor.default\">\n\t\t\t\t<div class=\"elementor-widget-container\">\n\t\t\t\t\t\t\t\t\t<p>En SMARTWALKER MINI f\u00f6r de allra minsta hundarna, som du sj\u00e4lv kan ha hemma. P\u00e5 bilden st\u00e5r den p\u00e5 ett \u201dvanligt k\u00f6ksbord\u201d.<\/p><p>Detta ger helt unika m\u00f6jligheter f\u00f6r vattentr\u00e4ning av de allra minsta hundarna, d\u00e5 du s\u00e4kert har utrymme f\u00f6r just MINI i beh\u00e4ndig sorlek!<\/p><p>SMARTWALKER MINI tillverkas precis som sina st\u00f6rre \u201dkusiner\u201d i Danmark, just f\u00f6r den som skall ha den. Detta ger m\u00f6jlighet f\u00f6r justeringar som man sj\u00e4lv kan p\u00e5verka.<\/p><p>SMARTWALKER MINI \u00e4r ca. 130x30cm inkl. ramperna och 48cm h\u00f6g (Ramperna \u00e4r ca 25cm vardera). Tanken \u00e4r 73x24cm och 50cm h\u00f6g. Hastigheten p\u00e5 l\u00f6pbandet ca. 7km\/h.<\/p><p>SMARTWALKER MIN kan erbjudas i f\u00f6ljande varianter:<\/p><p>1. En SMARTWALKER MINI utan tank med in och utg\u00e5ngar i kortsidorna med ramper. Man fyller vatten med slang fr\u00e5n dusch, k\u00f6ksblandare eller var man nu har vatten och t\u00f6ms sen via avlopps-slang ( bifogas ).<br \/>2. En SMARTWALKER MINI utan tank och inga \u00f6ppningsbara in \/utg\u00e5ngar ( man lyfter i och ur hunden ). Man fyller vatten med slang fr\u00e5n dusch, k\u00f6ksblandare eller var man nu har vatten och t\u00f6ms sen vi avloppsslang ( bifogas ).<\/p><p>3. En SMARTWALKER MINI med tank och pump och in och utg\u00e5ngar i kortsidorna med ramper.\u00a0H\u00e4r fyller du vatten i tanken och vattnet fylls\/pumpas d\u00e4refter upp i MINI n\u00e4r du skall anv\u00e4nda den och tillbaka i tanken ( eller ut i avloppet ). Tanken ser du p\u00e5 bilden framf\u00f6r Jennys f\u00f6tter under bordet. Den h\u00e4r modellen \u00e4r f\u00f6r dig som har mer plats och m\u00f6jlighet att MINI f\u00e5r st\u00e5 framme hela tiden.<\/p>\t\t\t\t\t\t\t\t<\/div>\n\t\t\t\t<\/div>\n\t\t\t\t\t<\/div>\n\t\t<\/div>\n\t\t\t\t<div class=\"elementor-column elementor-col-50 elementor-inner-column elementor-element elementor-element-354c6d9\" data-id=\"354c6d9\" data-element_type=\"column\">\n\t\t\t<div class=\"elementor-widget-wrap elementor-element-populated\">\n\t\t\t\t\t\t<div class=\"elementor-element elementor-element-6ed16f0 elementor-widget elementor-widget-image\" data-id=\"6ed16f0\" data-element_type=\"widget\" data-widget_type=\"image.default\">\n\t\t\t\t<div class=\"elementor-widget-container\">\n\t\t\t\t\t\t\t\t\t\t\t\t\t\t\t<img fetchpriority=\"high\" decoding=\"async\" width=\"768\" height=\"1024\" src=\"https:\/\/smartwalker.se\/wp-content\/uploads\/2025\/03\/Jenny-och-Cleo-768x1024.jpg\" class=\"attachment-large size-large wp-image-2159\" alt=\"\" srcset=\"https:\/\/smartwalker.se\/wp-content\/uploads\/2025\/03\/Jenny-och-Cleo-768x1024.jpg 768w, https:\/\/smartwalker.se\/wp-content\/uploads\/2025\/03\/Jenny-och-Cleo-225x300.jpg 225w, https:\/\/smartwalker.se\/wp-content\/uploads\/2025\/03\/Jenny-och-Cleo-1152x1536.jpg 1152w, https:\/\/smartwalker.se\/wp-content\/uploads\/2025\/03\/Jenny-och-Cleo-1536x2048.jpg 1536w, https:\/\/smartwalker.se\/wp-content\/uploads\/2025\/03\/Jenny-och-Cleo-9x12.jpg 9w, https:\/\/smartwalker.se\/wp-content\/uploads\/2025\/03\/Jenny-och-Cleo-830x1107.jpg 830w, https:\/\/smartwalker.se\/wp-content\/uploads\/2025\/03\/Jenny-och-Cleo-230x307.jpg 230w, https:\/\/smartwalker.se\/wp-content\/uploads\/2025\/03\/Jenny-och-Cleo-350x467.jpg 350w, https:\/\/smartwalker.se\/wp-content\/uploads\/2025\/03\/Jenny-och-Cleo-480x640.jpg 480w, https:\/\/smartwalker.se\/wp-content\/uploads\/2025\/03\/Jenny-och-Cleo-scaled.jpg 1920w\" sizes=\"(max-width: 768px) 100vw, 768px\" \/>\t\t\t\t\t\t\t\t\t\t\t\t\t\t\t<\/div>\n\t\t\t\t<\/div>\n\t\t\t\t\t<\/div>\n\t\t<\/div>\n\t\t\t\t\t<\/div>\n\t\t<\/section>\n\t\t\t\t\t<\/div>\n\t\t<\/div>\n\t\t\t\t\t<\/div>\n\t\t<\/section>\n\t\t\t\t<\/div>","protected":false},"excerpt":{"rendered":"<p>Smartwalker Mini En SMARTWALKER MINI f\u00f6r de allra minsta hundarna, som du sj\u00e4lv kan ha hemma. P\u00e5 bilden st\u00e5r den p\u00e5 ett \u201dvanligt k\u00f6ksbord\u201d. Detta ger helt unika m\u00f6jligheter f\u00f6r vattentr\u00e4ning av de allra minsta hundarna, d\u00e5 du s\u00e4kert har utrymme f\u00f6r just MINI i beh\u00e4ndig sorlek! SMARTWALKER MINI tillverkas precis som sina st\u00f6rre \u201dkusiner\u201d [&hellip;]<\/p>","protected":false},"author":1,"featured_media":0,"parent":0,"menu_order":0,"comment_status":"closed","ping_status":"closed","template":"elementor_header_footer","meta":{"footnotes":""},"class_list":["post-2157","page","type-page","status-publish","hentry"],"yoast_head":"<!-- This site is optimized with the Yoast SEO plugin v27.6 - https:\/\/yoast.com\/product\/yoast-seo-wordpress\/ -->\n<title>Smartwalker Mini - Smartwalker<\/title>\n<meta name=\"description\" content=\"Galleri d\u00e4r ni kan se v\u00e5ra vattentraskare Smartwalker Basic, Smartwalker Duo och Smartwalker Pro. Inneh\u00e5ller \u00e4ven bilder p\u00e5 Smartviber.\" \/>\n<meta name=\"robots\" content=\"index, follow, max-snippet:-1, max-image-preview:large, max-video-preview:-1\" \/>\n<link rel=\"canonical\" href=\"https:\/\/smartwalker.se\/nb\/smartwalker-mini\/\" \/>\n<meta property=\"og:locale\" content=\"nb_NO\" \/>\n<meta property=\"og:type\" content=\"article\" \/>\n<meta property=\"og:title\" content=\"Smartwalker Mini - Smartwalker\" \/>\n<meta property=\"og:description\" content=\"Galleri d\u00e4r ni kan se v\u00e5ra vattentraskare Smartwalker Basic, Smartwalker Duo och Smartwalker Pro. Inneh\u00e5ller \u00e4ven bilder p\u00e5 Smartviber.\" \/>\n<meta property=\"og:url\" content=\"https:\/\/smartwalker.se\/nb\/smartwalker-mini\/\" \/>\n<meta property=\"og:site_name\" content=\"Smartwalker\" \/>\n<meta property=\"article:publisher\" content=\"https:\/\/www.facebook.com\/4bensRehab\" \/>\n<meta property=\"article:modified_time\" content=\"2025-03-15T18:24:50+00:00\" \/>\n<meta property=\"og:image\" content=\"https:\/\/smartwalker.se\/wp-content\/uploads\/2025\/03\/Jenny-och-Cleo-scaled.jpg\" \/>\n\t<meta property=\"og:image:width\" content=\"1920\" \/>\n\t<meta property=\"og:image:height\" content=\"2560\" \/>\n\t<meta property=\"og:image:type\" content=\"image\/jpeg\" \/>\n<meta name=\"twitter:card\" content=\"summary_large_image\" \/>\n<meta name=\"twitter:label1\" content=\"Ansl. lesetid\" \/>\n\t<meta name=\"twitter:data1\" content=\"2 minutter\" \/>\n<script type=\"application\/ld+json\" class=\"yoast-schema-graph\">{\"@context\":\"https:\\\/\\\/schema.org\",\"@graph\":[{\"@type\":\"WebPage\",\"@id\":\"https:\\\/\\\/smartwalker.se\\\/smartwalker-mini\\\/\",\"url\":\"https:\\\/\\\/smartwalker.se\\\/smartwalker-mini\\\/\",\"name\":\"Smartwalker Mini - Smartwalker\",\"isPartOf\":{\"@id\":\"https:\\\/\\\/smartwalker.se\\\/#website\"},\"primaryImageOfPage\":{\"@id\":\"https:\\\/\\\/smartwalker.se\\\/smartwalker-mini\\\/#primaryimage\"},\"image\":{\"@id\":\"https:\\\/\\\/smartwalker.se\\\/smartwalker-mini\\\/#primaryimage\"},\"thumbnailUrl\":\"https:\\\/\\\/smartwalker.se\\\/wp-content\\\/uploads\\\/2025\\\/03\\\/Jenny-och-Cleo-768x1024.jpg\",\"datePublished\":\"2025-03-15T18:19:40+00:00\",\"dateModified\":\"2025-03-15T18:24:50+00:00\",\"description\":\"Galleri d\u00e4r ni kan se v\u00e5ra vattentraskare Smartwalker Basic, Smartwalker Duo och Smartwalker Pro. Inneh\u00e5ller \u00e4ven bilder p\u00e5 Smartviber.\",\"breadcrumb\":{\"@id\":\"https:\\\/\\\/smartwalker.se\\\/smartwalker-mini\\\/#breadcrumb\"},\"inLanguage\":\"nb-NO\",\"potentialAction\":[{\"@type\":\"ReadAction\",\"target\":[\"https:\\\/\\\/smartwalker.se\\\/smartwalker-mini\\\/\"]}]},{\"@type\":\"ImageObject\",\"inLanguage\":\"nb-NO\",\"@id\":\"https:\\\/\\\/smartwalker.se\\\/smartwalker-mini\\\/#primaryimage\",\"url\":\"https:\\\/\\\/smartwalker.se\\\/wp-content\\\/uploads\\\/2025\\\/03\\\/Jenny-och-Cleo-768x1024.jpg\",\"contentUrl\":\"https:\\\/\\\/smartwalker.se\\\/wp-content\\\/uploads\\\/2025\\\/03\\\/Jenny-och-Cleo-768x1024.jpg\"},{\"@type\":\"BreadcrumbList\",\"@id\":\"https:\\\/\\\/smartwalker.se\\\/smartwalker-mini\\\/#breadcrumb\",\"itemListElement\":[{\"@type\":\"ListItem\",\"position\":1,\"name\":\"Hem\",\"item\":\"https:\\\/\\\/smartwalker.se\\\/\"},{\"@type\":\"ListItem\",\"position\":2,\"name\":\"Smartwalker Mini\"}]},{\"@type\":\"WebSite\",\"@id\":\"https:\\\/\\\/smartwalker.se\\\/#website\",\"url\":\"https:\\\/\\\/smartwalker.se\\\/\",\"name\":\"Smartwalker\",\"description\":\"Tr\u00e4ningsutrustning f\u00f6r hundar tillverkat i Danmark!\",\"publisher\":{\"@id\":\"https:\\\/\\\/smartwalker.se\\\/#organization\"},\"potentialAction\":[{\"@type\":\"SearchAction\",\"target\":{\"@type\":\"EntryPoint\",\"urlTemplate\":\"https:\\\/\\\/smartwalker.se\\\/?s={search_term_string}\"},\"query-input\":{\"@type\":\"PropertyValueSpecification\",\"valueRequired\":true,\"valueName\":\"search_term_string\"}}],\"inLanguage\":\"nb-NO\"},{\"@type\":\"Organization\",\"@id\":\"https:\\\/\\\/smartwalker.se\\\/#organization\",\"name\":\"Smartwalker\",\"url\":\"https:\\\/\\\/smartwalker.se\\\/\",\"logo\":{\"@type\":\"ImageObject\",\"inLanguage\":\"nb-NO\",\"@id\":\"https:\\\/\\\/smartwalker.se\\\/#\\\/schema\\\/logo\\\/image\\\/\",\"url\":\"https:\\\/\\\/smartwalker.se\\\/wp-content\\\/uploads\\\/2017\\\/07\\\/9Juw83-3000px-e1501530405960.png\",\"contentUrl\":\"https:\\\/\\\/smartwalker.se\\\/wp-content\\\/uploads\\\/2017\\\/07\\\/9Juw83-3000px-e1501530405960.png\",\"width\":155,\"height\":86,\"caption\":\"Smartwalker\"},\"image\":{\"@id\":\"https:\\\/\\\/smartwalker.se\\\/#\\\/schema\\\/logo\\\/image\\\/\"},\"sameAs\":[\"https:\\\/\\\/www.facebook.com\\\/4bensRehab\"]}]}<\/script>\n<!-- \/ Yoast SEO plugin. -->","yoast_head_json":{"title":"Smartwalker Mini - Smartwalker","description":"Galleri d\u00e4r ni kan se v\u00e5ra vattentraskare Smartwalker Basic, Smartwalker Duo och Smartwalker Pro. Inneh\u00e5ller \u00e4ven bilder p\u00e5 Smartviber.","robots":{"index":"index","follow":"follow","max-snippet":"max-snippet:-1","max-image-preview":"max-image-preview:large","max-video-preview":"max-video-preview:-1"},"canonical":"https:\/\/smartwalker.se\/nb\/smartwalker-mini\/","og_locale":"nb_NO","og_type":"article","og_title":"Smartwalker Mini - Smartwalker","og_description":"Galleri d\u00e4r ni kan se v\u00e5ra vattentraskare Smartwalker Basic, Smartwalker Duo och Smartwalker Pro. Inneh\u00e5ller \u00e4ven bilder p\u00e5 Smartviber.","og_url":"https:\/\/smartwalker.se\/nb\/smartwalker-mini\/","og_site_name":"Smartwalker","article_publisher":"https:\/\/www.facebook.com\/4bensRehab","article_modified_time":"2025-03-15T18:24:50+00:00","og_image":[{"width":1920,"height":2560,"url":"https:\/\/smartwalker.se\/wp-content\/uploads\/2025\/03\/Jenny-och-Cleo-scaled.jpg","type":"image\/jpeg"}],"twitter_card":"summary_large_image","twitter_misc":{"Ansl. lesetid":"2 minutter"},"schema":{"@context":"https:\/\/schema.org","@graph":[{"@type":"WebPage","@id":"https:\/\/smartwalker.se\/smartwalker-mini\/","url":"https:\/\/smartwalker.se\/smartwalker-mini\/","name":"Smartwalker Mini - Smartwalker","isPartOf":{"@id":"https:\/\/smartwalker.se\/#website"},"primaryImageOfPage":{"@id":"https:\/\/smartwalker.se\/smartwalker-mini\/#primaryimage"},"image":{"@id":"https:\/\/smartwalker.se\/smartwalker-mini\/#primaryimage"},"thumbnailUrl":"https:\/\/smartwalker.se\/wp-content\/uploads\/2025\/03\/Jenny-och-Cleo-768x1024.jpg","datePublished":"2025-03-15T18:19:40+00:00","dateModified":"2025-03-15T18:24:50+00:00","description":"Galleri d\u00e4r ni kan se v\u00e5ra vattentraskare Smartwalker Basic, Smartwalker Duo och Smartwalker Pro. Inneh\u00e5ller \u00e4ven bilder p\u00e5 Smartviber.","breadcrumb":{"@id":"https:\/\/smartwalker.se\/smartwalker-mini\/#breadcrumb"},"inLanguage":"nb-NO","potentialAction":[{"@type":"ReadAction","target":["https:\/\/smartwalker.se\/smartwalker-mini\/"]}]},{"@type":"ImageObject","inLanguage":"nb-NO","@id":"https:\/\/smartwalker.se\/smartwalker-mini\/#primaryimage","url":"https:\/\/smartwalker.se\/wp-content\/uploads\/2025\/03\/Jenny-och-Cleo-768x1024.jpg","contentUrl":"https:\/\/smartwalker.se\/wp-content\/uploads\/2025\/03\/Jenny-och-Cleo-768x1024.jpg"},{"@type":"BreadcrumbList","@id":"https:\/\/smartwalker.se\/smartwalker-mini\/#breadcrumb","itemListElement":[{"@type":"ListItem","position":1,"name":"Hem","item":"https:\/\/smartwalker.se\/"},{"@type":"ListItem","position":2,"name":"Smartwalker Mini"}]},{"@type":"WebSite","@id":"https:\/\/smartwalker.se\/#website","url":"https:\/\/smartwalker.se\/","name":"Smartwalker","description":"Tr\u00e4ningsutrustning f\u00f6r hundar tillverkat i Danmark!","publisher":{"@id":"https:\/\/smartwalker.se\/#organization"},"potentialAction":[{"@type":"SearchAction","target":{"@type":"EntryPoint","urlTemplate":"https:\/\/smartwalker.se\/?s={search_term_string}"},"query-input":{"@type":"PropertyValueSpecification","valueRequired":true,"valueName":"search_term_string"}}],"inLanguage":"nb-NO"},{"@type":"Organization","@id":"https:\/\/smartwalker.se\/#organization","name":"Smartwalker","url":"https:\/\/smartwalker.se\/","logo":{"@type":"ImageObject","inLanguage":"nb-NO","@id":"https:\/\/smartwalker.se\/#\/schema\/logo\/image\/","url":"https:\/\/smartwalker.se\/wp-content\/uploads\/2017\/07\/9Juw83-3000px-e1501530405960.png","contentUrl":"https:\/\/smartwalker.se\/wp-content\/uploads\/2017\/07\/9Juw83-3000px-e1501530405960.png","width":155,"height":86,"caption":"Smartwalker"},"image":{"@id":"https:\/\/smartwalker.se\/#\/schema\/logo\/image\/"},"sameAs":["https:\/\/www.facebook.com\/4bensRehab"]}]}},"_links":{"self":[{"href":"https:\/\/smartwalker.se\/nb\/wp-json\/wp\/v2\/pages\/2157","targetHints":{"allow":["GET"]}}],"collection":[{"href":"https:\/\/smartwalker.se\/nb\/wp-json\/wp\/v2\/pages"}],"about":[{"href":"https:\/\/smartwalker.se\/nb\/wp-json\/wp\/v2\/types\/page"}],"author":[{"embeddable":true,"href":"https:\/\/smartwalker.se\/nb\/wp-json\/wp\/v2\/users\/1"}],"replies":[{"embeddable":true,"href":"https:\/\/smartwalker.se\/nb\/wp-json\/wp\/v2\/comments?post=2157"}],"version-history":[{"count":4,"href":"https:\/\/smartwalker.se\/nb\/wp-json\/wp\/v2\/pages\/2157\/revisions"}],"predecessor-version":[{"id":2162,"href":"https:\/\/smartwalker.se\/nb\/wp-json\/wp\/v2\/pages\/2157\/revisions\/2162"}],"wp:attachment":[{"href":"https:\/\/smartwalker.se\/nb\/wp-json\/wp\/v2\/media?parent=2157"}],"curies":[{"name":"wp","href":"https:\/\/api.w.org\/{rel}","templated":true}]}}