{"id":1800,"date":"2023-04-16T11:09:22","date_gmt":"2023-04-16T11:09:22","guid":{"rendered":"https:\/\/smartwalker.se\/?page_id=1800"},"modified":"2024-12-18T21:18:50","modified_gmt":"2024-12-18T21:18:50","slug":"handla","status":"publish","type":"page","link":"https:\/\/smartwalker.se\/nb\/handla\/","title":{"rendered":"Handla"},"content":{"rendered":"<div data-elementor-type=\"wp-page\" data-elementor-id=\"1800\" class=\"elementor elementor-1800\">\n\t\t\t\t\t\t<section class=\"elementor-section elementor-top-section elementor-element elementor-element-41590270 elementor-section-boxed elementor-section-height-default elementor-section-height-default\" data-id=\"41590270\" data-element_type=\"section\">\n\t\t\t\t\t\t<div class=\"elementor-container elementor-column-gap-default\">\n\t\t\t\t\t<div class=\"elementor-column elementor-col-100 elementor-top-column elementor-element elementor-element-144848c9\" data-id=\"144848c9\" data-element_type=\"column\">\n\t\t\t<div class=\"elementor-widget-wrap elementor-element-populated\">\n\t\t\t\t\t\t<div class=\"elementor-element elementor-element-9a54618 elementor-widget elementor-widget-heading\" data-id=\"9a54618\" data-element_type=\"widget\" data-widget_type=\"heading.default\">\n\t\t\t\t<div class=\"elementor-widget-container\">\n\t\t\t\t\t<h2 class=\"elementor-heading-title elementor-size-default\">Handla<\/h2>\t\t\t\t<\/div>\n\t\t\t\t<\/div>\n\t\t\t\t\t<\/div>\n\t\t<\/div>\n\t\t\t\t\t<\/div>\n\t\t<\/section>\n\t\t\t\t<section class=\"elementor-section elementor-top-section elementor-element elementor-element-550f977 elementor-section-boxed elementor-section-height-default elementor-section-height-default\" data-id=\"550f977\" data-element_type=\"section\">\n\t\t\t\t\t\t<div class=\"elementor-container elementor-column-gap-default\">\n\t\t\t\t\t<div class=\"elementor-column elementor-col-100 elementor-top-column elementor-element elementor-element-6534f27\" data-id=\"6534f27\" data-element_type=\"column\">\n\t\t\t<div class=\"elementor-widget-wrap elementor-element-populated\">\n\t\t\t\t\t\t<div class=\"elementor-element elementor-element-ce4b5d1 elementor-widget-divider--view-line elementor-widget elementor-widget-divider\" data-id=\"ce4b5d1\" data-element_type=\"widget\" data-widget_type=\"divider.default\">\n\t\t\t\t<div class=\"elementor-widget-container\">\n\t\t\t\t\t\t\t<div class=\"elementor-divider\">\n\t\t\t<span class=\"elementor-divider-separator\">\n\t\t\t\t\t\t<\/span>\n\t\t<\/div>\n\t\t\t\t\t\t<\/div>\n\t\t\t\t<\/div>\n\t\t\t\t\t<\/div>\n\t\t<\/div>\n\t\t\t\t\t<\/div>\n\t\t<\/section>\n\t\t\t\t<section class=\"elementor-section elementor-top-section elementor-element elementor-element-170f599 elementor-section-boxed elementor-section-height-default elementor-section-height-default\" data-id=\"170f599\" data-element_type=\"section\">\n\t\t\t\t\t\t<div class=\"elementor-container elementor-column-gap-default\">\n\t\t\t\t\t<div class=\"elementor-column elementor-col-100 elementor-top-column elementor-element elementor-element-05a2197\" data-id=\"05a2197\" data-element_type=\"column\">\n\t\t\t<div class=\"elementor-widget-wrap elementor-element-populated\">\n\t\t\t\t\t\t<div class=\"elementor-element elementor-element-23ad485 elementor-widget elementor-widget-text-editor\" data-id=\"23ad485\" data-element_type=\"widget\" data-widget_type=\"text-editor.default\">\n\t\t\t\t<div class=\"elementor-widget-container\">\n\t\t\t\t\t\t\t\t\t<p>Hvis du er interessert i noen av v\u00e5re produkter, er du velkommen til \u00e5 kontakte oss p\u00e5 4bensrehab@4bensrehab.se eller ring oss gjerne p\u00e5 +46 (0)767761101 hvis du \u00f8nsker mer info eller har sp\u00f8rsm\u00e5l, bekymringer eller \u00f8nsker \u00e5 legge inn en bestilling.<\/p>\n<p>Hvis du \u00f8nsker \u00e5 finansiere kj\u00f8pet ditt, er det mulig etter godkjent kredittsjekk hos DNB eller WASA kredit. Dessverre gjelder dette med finansiering kun for v\u00e5re kunder i Sverige for \u00f8yeblikket. I andre land m\u00e5 vi be deg om \u00e5 kontakte banken din.<\/p>\n<p class=\"translation-block\">V\u00e5re priser inkluderer vanligvis frakt til alle adresser i Sverige. Unntak: Det kan imidlertid v\u00e6re unntak hvis du bor p\u00e5 en vanskelig tilgjengelig adresse eller \u00f8y uten broforbindelse, s\u00e5 er vi takknemlige hvis du gir oss beskjed om dette ved bestilling.\nFrakt er ikke inkludert ved bestilling av komplement\u00e6re produkter eller tilbeh\u00f8r.\nVi \u00f8nsker ogs\u00e5 kunder fra Norge, Danmark, Finland og \u00c5land velkommen, kostnader og frakt vil bli lagt til. Fraktkostnad er vanligvis inkludert i et tilbud fra oss.<\/p>\n<p><strong>Reklamationsr\u00e4tt:<\/strong><\/p>\n<p class=\"translation-block\">Privatkunder har 2 (to) \u00e5rs reklamasjonsrett i henhold til forbrukerkj\u00f8psloven. For bedriftskunder gir vi 1 (ett) \u00e5rs garanti p\u00e5 SMART-produktene mot produksjonsfeil. 4bens Rehab eller produsenten Smartfetch er under ingen omstendigheter ansvarlig for bruk, h\u00e5ndtering, lagring eller h\u00e5ndtering av produktene. Vi er heller ikke ansvarlige for tap, indirekte eller direkte, eller f\u00f8lgeskader, eller tap av produksjon eller inntekt som oppst\u00e5r som f\u00f8lge av eller i noen form for h\u00e5ndtering, bruk eller lagring av SMART-produktene. 4bens Rehab er heller ikke ansvarlig for bruk, h\u00e5ndtering eller h\u00e5ndtering av andre produkter i sortimentet. Vi er heller ikke ansvarlige for tap, indirekte eller direkte, eller for f\u00f8lgeskader, eller tap av produksjon eller inntekt, i noen form for h\u00e5ndtering, bruk eller lagring av produkter i sortimentet.<\/p>\n<p><strong>Integritetspolicy:<\/strong><br>Personvernpolicy; Vi behandler opplysningene dine i samsvar med og EUs personvernforordning, GDPR og regnskapsloven.<\/p>\n<p>Kontrolleren:<\/p>\n<p>Vi i Klinik f\u00f6r 4bens Rehabilitering och Friskv\u00e5rd AB med org.nr 556894-3160 er ansvarlige for personopplysningene du oppgir n\u00e5r du kontakter oss.<\/p>\n<p>Innsamling og h\u00e5ndtering av personopplysninger:<\/p>\n<p>Vi lagrer kontaktinformasjonen du gir oss n\u00e5r du ber om informasjon og tilbud p\u00e5 v\u00e5re produkter. Form\u00e5let er \u00e5 gi deg god service, og ved kj\u00f8p av v\u00e5re produkter for \u00e5 kunne utf\u00f8re, vedlikeholde og fullf\u00f8re levering, garantier og eventuelt service av produktene. Dataene vi lagrer er e-postadresse, navn, postadresse, leveringsadresse, telefonnummer som gjelder i hvert enkelt tilfelle, og som du gir oss for kontakt og levering. I tilfeller der det gjelder finansiering av en avtale formidlet av oss, lagres ogs\u00e5 ditt org.nr\/personnummer i den tiden vi har en gyldig avtale.<\/p>\n<p>Det er ogs\u00e5 v\u00e5r plikt \u00e5 lagre disse opplysningene i henhold til regnskapsloven.<\/p>\n<p>N\u00e5r det gjelder kj\u00f8p av v\u00e5re SMART-produkter, har vi en reservedelsgaranti p\u00e5 5 \u00e5r, og vi lagrer informasjonen din som kj\u00f8per i 6 \u00e5r for \u00e5 kunne gi deg best mulig service.<\/p>\n<p>Vi sender deg et nyhetsbrev dersom det har skjedd noen endring for deg som kunde hos oss p\u00e5 4bens Rehab. Vi videreformidler imidlertid ikke kontaktinformasjonen din til parter som ikke er direkte ber\u00f8rt av dem for \u00e5 kunne oppfylle sine forpliktelser som levering, garanti, finansiering eller service i henhold til GDPR. og da bare med ditt samtykke.<\/p>\n<p>Du kan n\u00e5r som helst fortelle oss at du ikke vil at vi skal lagre dataene dine.<\/p>\n<p>Vi forbeholder oss retten til \u00e5 endre denne teksten om n\u00f8dvendig.<\/p>\n<p>Klinik f\u00f6r 4bens Rehabilitering och Friskv\u00e5rd AB \u2013 4bens Rehab <br>Restalundsv\u00e4gen 57<br>702 16 \u00d6rebro<\/p>\n<p>Tel. 0767761101 e-post 4bensrehab@4bensrehab.se<\/p>\n<p>For mer informasjon, vennligst kontakt:<br>https:\/\/www.datainspektionen.se\/lagar\u2013regler\/dataskyddsforordninge<\/p>\t\t\t\t\t\t\t\t<\/div>\n\t\t\t\t<\/div>\n\t\t\t\t\t<\/div>\n\t\t<\/div>\n\t\t\t\t\t<\/div>\n\t\t<\/section>\n\t\t\t\t<\/div>","protected":false},"excerpt":{"rendered":"<p>Handla Om du \u00e4r intresserad av n\u00e5gon av v\u00e5ra produkter \u00e4r du v\u00e4lkommen att kontakta oss p\u00e5 4bensrehab@4bensrehab.se eller ring oss g\u00e4rna p\u00e5 +46 (0)767761101 om du \u00f6nskar mer info eller har fr\u00e5gor, funderingar eller vill g\u00f6ra en best\u00e4llning. \u00d6nskar du finansiering av ditt k\u00f6p, finns det m\u00f6jlighet efter godk\u00e4nd kreditpr\u00f6vning hos DNB eller WASA [&hellip;]<\/p>","protected":false},"author":1,"featured_media":0,"parent":0,"menu_order":0,"comment_status":"closed","ping_status":"closed","template":"elementor_header_footer","meta":{"footnotes":""},"class_list":["post-1800","page","type-page","status-publish","hentry"],"yoast_head":"<!-- This site is optimized with the Yoast SEO plugin v27.4 - https:\/\/yoast.com\/product\/yoast-seo-wordpress\/ -->\n<title>Handla - Smartwalker<\/title>\n<meta name=\"description\" content=\"Galleri d\u00e4r ni kan se v\u00e5ra vattentraskare Smartwalker Basic, Smartwalker Duo och Smartwalker Pro. Inneh\u00e5ller \u00e4ven bilder p\u00e5 Smartviber.\" \/>\n<meta name=\"robots\" content=\"index, follow, max-snippet:-1, max-image-preview:large, max-video-preview:-1\" \/>\n<link rel=\"canonical\" href=\"https:\/\/smartwalker.se\/nb\/handla\/\" \/>\n<meta property=\"og:locale\" content=\"nb_NO\" \/>\n<meta property=\"og:type\" content=\"article\" \/>\n<meta property=\"og:title\" content=\"Handla - Smartwalker\" \/>\n<meta property=\"og:description\" content=\"Galleri d\u00e4r ni kan se v\u00e5ra vattentraskare Smartwalker Basic, Smartwalker Duo och Smartwalker Pro. Inneh\u00e5ller \u00e4ven bilder p\u00e5 Smartviber.\" \/>\n<meta property=\"og:url\" content=\"https:\/\/smartwalker.se\/nb\/handla\/\" \/>\n<meta property=\"og:site_name\" content=\"Smartwalker\" \/>\n<meta property=\"article:publisher\" content=\"https:\/\/www.facebook.com\/4bensRehab\" \/>\n<meta property=\"article:modified_time\" content=\"2024-12-18T21:18:50+00:00\" \/>\n<meta name=\"twitter:card\" content=\"summary_large_image\" \/>\n<meta name=\"twitter:label1\" content=\"Ansl. lesetid\" \/>\n\t<meta name=\"twitter:data1\" content=\"3 minutter\" \/>\n<script type=\"application\/ld+json\" class=\"yoast-schema-graph\">{\"@context\":\"https:\\\/\\\/schema.org\",\"@graph\":[{\"@type\":\"WebPage\",\"@id\":\"https:\\\/\\\/smartwalker.se\\\/handla\\\/\",\"url\":\"https:\\\/\\\/smartwalker.se\\\/handla\\\/\",\"name\":\"Handla - Smartwalker\",\"isPartOf\":{\"@id\":\"https:\\\/\\\/smartwalker.se\\\/#website\"},\"datePublished\":\"2023-04-16T11:09:22+00:00\",\"dateModified\":\"2024-12-18T21:18:50+00:00\",\"description\":\"Galleri d\u00e4r ni kan se v\u00e5ra vattentraskare Smartwalker Basic, Smartwalker Duo och Smartwalker Pro. Inneh\u00e5ller \u00e4ven bilder p\u00e5 Smartviber.\",\"breadcrumb\":{\"@id\":\"https:\\\/\\\/smartwalker.se\\\/handla\\\/#breadcrumb\"},\"inLanguage\":\"nb-NO\",\"potentialAction\":[{\"@type\":\"ReadAction\",\"target\":[\"https:\\\/\\\/smartwalker.se\\\/handla\\\/\"]}]},{\"@type\":\"BreadcrumbList\",\"@id\":\"https:\\\/\\\/smartwalker.se\\\/handla\\\/#breadcrumb\",\"itemListElement\":[{\"@type\":\"ListItem\",\"position\":1,\"name\":\"Hem\",\"item\":\"https:\\\/\\\/smartwalker.se\\\/\"},{\"@type\":\"ListItem\",\"position\":2,\"name\":\"Handla\"}]},{\"@type\":\"WebSite\",\"@id\":\"https:\\\/\\\/smartwalker.se\\\/#website\",\"url\":\"https:\\\/\\\/smartwalker.se\\\/\",\"name\":\"Smartwalker\",\"description\":\"Tr\u00e4ningsutrustning f\u00f6r hundar tillverkat i Danmark!\",\"publisher\":{\"@id\":\"https:\\\/\\\/smartwalker.se\\\/#organization\"},\"potentialAction\":[{\"@type\":\"SearchAction\",\"target\":{\"@type\":\"EntryPoint\",\"urlTemplate\":\"https:\\\/\\\/smartwalker.se\\\/?s={search_term_string}\"},\"query-input\":{\"@type\":\"PropertyValueSpecification\",\"valueRequired\":true,\"valueName\":\"search_term_string\"}}],\"inLanguage\":\"nb-NO\"},{\"@type\":\"Organization\",\"@id\":\"https:\\\/\\\/smartwalker.se\\\/#organization\",\"name\":\"Smartwalker\",\"url\":\"https:\\\/\\\/smartwalker.se\\\/\",\"logo\":{\"@type\":\"ImageObject\",\"inLanguage\":\"nb-NO\",\"@id\":\"https:\\\/\\\/smartwalker.se\\\/#\\\/schema\\\/logo\\\/image\\\/\",\"url\":\"https:\\\/\\\/smartwalker.se\\\/wp-content\\\/uploads\\\/2017\\\/07\\\/9Juw83-3000px-e1501530405960.png\",\"contentUrl\":\"https:\\\/\\\/smartwalker.se\\\/wp-content\\\/uploads\\\/2017\\\/07\\\/9Juw83-3000px-e1501530405960.png\",\"width\":155,\"height\":86,\"caption\":\"Smartwalker\"},\"image\":{\"@id\":\"https:\\\/\\\/smartwalker.se\\\/#\\\/schema\\\/logo\\\/image\\\/\"},\"sameAs\":[\"https:\\\/\\\/www.facebook.com\\\/4bensRehab\"]}]}<\/script>\n<!-- \/ Yoast SEO plugin. -->","yoast_head_json":{"title":"Handla - Smartwalker","description":"Galleri d\u00e4r ni kan se v\u00e5ra vattentraskare Smartwalker Basic, Smartwalker Duo och Smartwalker Pro. Inneh\u00e5ller \u00e4ven bilder p\u00e5 Smartviber.","robots":{"index":"index","follow":"follow","max-snippet":"max-snippet:-1","max-image-preview":"max-image-preview:large","max-video-preview":"max-video-preview:-1"},"canonical":"https:\/\/smartwalker.se\/nb\/handla\/","og_locale":"nb_NO","og_type":"article","og_title":"Handla - Smartwalker","og_description":"Galleri d\u00e4r ni kan se v\u00e5ra vattentraskare Smartwalker Basic, Smartwalker Duo och Smartwalker Pro. Inneh\u00e5ller \u00e4ven bilder p\u00e5 Smartviber.","og_url":"https:\/\/smartwalker.se\/nb\/handla\/","og_site_name":"Smartwalker","article_publisher":"https:\/\/www.facebook.com\/4bensRehab","article_modified_time":"2024-12-18T21:18:50+00:00","twitter_card":"summary_large_image","twitter_misc":{"Ansl. lesetid":"3 minutter"},"schema":{"@context":"https:\/\/schema.org","@graph":[{"@type":"WebPage","@id":"https:\/\/smartwalker.se\/handla\/","url":"https:\/\/smartwalker.se\/handla\/","name":"Handla - Smartwalker","isPartOf":{"@id":"https:\/\/smartwalker.se\/#website"},"datePublished":"2023-04-16T11:09:22+00:00","dateModified":"2024-12-18T21:18:50+00:00","description":"Galleri d\u00e4r ni kan se v\u00e5ra vattentraskare Smartwalker Basic, Smartwalker Duo och Smartwalker Pro. Inneh\u00e5ller \u00e4ven bilder p\u00e5 Smartviber.","breadcrumb":{"@id":"https:\/\/smartwalker.se\/handla\/#breadcrumb"},"inLanguage":"nb-NO","potentialAction":[{"@type":"ReadAction","target":["https:\/\/smartwalker.se\/handla\/"]}]},{"@type":"BreadcrumbList","@id":"https:\/\/smartwalker.se\/handla\/#breadcrumb","itemListElement":[{"@type":"ListItem","position":1,"name":"Hem","item":"https:\/\/smartwalker.se\/"},{"@type":"ListItem","position":2,"name":"Handla"}]},{"@type":"WebSite","@id":"https:\/\/smartwalker.se\/#website","url":"https:\/\/smartwalker.se\/","name":"Smartwalker","description":"Tr\u00e4ningsutrustning f\u00f6r hundar tillverkat i Danmark!","publisher":{"@id":"https:\/\/smartwalker.se\/#organization"},"potentialAction":[{"@type":"SearchAction","target":{"@type":"EntryPoint","urlTemplate":"https:\/\/smartwalker.se\/?s={search_term_string}"},"query-input":{"@type":"PropertyValueSpecification","valueRequired":true,"valueName":"search_term_string"}}],"inLanguage":"nb-NO"},{"@type":"Organization","@id":"https:\/\/smartwalker.se\/#organization","name":"Smartwalker","url":"https:\/\/smartwalker.se\/","logo":{"@type":"ImageObject","inLanguage":"nb-NO","@id":"https:\/\/smartwalker.se\/#\/schema\/logo\/image\/","url":"https:\/\/smartwalker.se\/wp-content\/uploads\/2017\/07\/9Juw83-3000px-e1501530405960.png","contentUrl":"https:\/\/smartwalker.se\/wp-content\/uploads\/2017\/07\/9Juw83-3000px-e1501530405960.png","width":155,"height":86,"caption":"Smartwalker"},"image":{"@id":"https:\/\/smartwalker.se\/#\/schema\/logo\/image\/"},"sameAs":["https:\/\/www.facebook.com\/4bensRehab"]}]}},"_links":{"self":[{"href":"https:\/\/smartwalker.se\/nb\/wp-json\/wp\/v2\/pages\/1800","targetHints":{"allow":["GET"]}}],"collection":[{"href":"https:\/\/smartwalker.se\/nb\/wp-json\/wp\/v2\/pages"}],"about":[{"href":"https:\/\/smartwalker.se\/nb\/wp-json\/wp\/v2\/types\/page"}],"author":[{"embeddable":true,"href":"https:\/\/smartwalker.se\/nb\/wp-json\/wp\/v2\/users\/1"}],"replies":[{"embeddable":true,"href":"https:\/\/smartwalker.se\/nb\/wp-json\/wp\/v2\/comments?post=1800"}],"version-history":[{"count":7,"href":"https:\/\/smartwalker.se\/nb\/wp-json\/wp\/v2\/pages\/1800\/revisions"}],"predecessor-version":[{"id":2035,"href":"https:\/\/smartwalker.se\/nb\/wp-json\/wp\/v2\/pages\/1800\/revisions\/2035"}],"wp:attachment":[{"href":"https:\/\/smartwalker.se\/nb\/wp-json\/wp\/v2\/media?parent=1800"}],"curies":[{"name":"wp","href":"https:\/\/api.w.org\/{rel}","templated":true}]}}