{"id":1792,"date":"2023-04-16T11:03:58","date_gmt":"2023-04-16T11:03:58","guid":{"rendered":"https:\/\/smartwalker.se\/?page_id=1792"},"modified":"2024-12-22T21:32:00","modified_gmt":"2024-12-22T21:32:00","slug":"smartwalker-pro-premium","status":"publish","type":"page","link":"https:\/\/smartwalker.se\/nb\/smartwalker-pro-premium\/","title":{"rendered":"Smartwalker Pro Premium"},"content":{"rendered":"<div data-elementor-type=\"wp-page\" data-elementor-id=\"1792\" class=\"elementor elementor-1792\">\n\t\t\t\t\t\t<section class=\"elementor-section elementor-top-section elementor-element elementor-element-41590270 elementor-section-boxed elementor-section-height-default elementor-section-height-default\" data-id=\"41590270\" data-element_type=\"section\">\n\t\t\t\t\t\t<div class=\"elementor-container elementor-column-gap-default\">\n\t\t\t\t\t<div class=\"elementor-column elementor-col-100 elementor-top-column elementor-element elementor-element-144848c9\" data-id=\"144848c9\" data-element_type=\"column\">\n\t\t\t<div class=\"elementor-widget-wrap elementor-element-populated\">\n\t\t\t\t\t\t<div class=\"elementor-element elementor-element-9a54618 elementor-widget elementor-widget-heading\" data-id=\"9a54618\" data-element_type=\"widget\" data-widget_type=\"heading.default\">\n\t\t\t\t<div class=\"elementor-widget-container\">\n\t\t\t\t\t<h2 class=\"elementor-heading-title elementor-size-default\">Smartwalker Pro Premium<\/h2>\t\t\t\t<\/div>\n\t\t\t\t<\/div>\n\t\t\t\t\t<\/div>\n\t\t<\/div>\n\t\t\t\t\t<\/div>\n\t\t<\/section>\n\t\t\t\t<section class=\"elementor-section elementor-top-section elementor-element elementor-element-550f977 elementor-section-boxed elementor-section-height-default elementor-section-height-default\" data-id=\"550f977\" data-element_type=\"section\">\n\t\t\t\t\t\t<div class=\"elementor-container elementor-column-gap-default\">\n\t\t\t\t\t<div class=\"elementor-column elementor-col-100 elementor-top-column elementor-element elementor-element-6534f27\" data-id=\"6534f27\" data-element_type=\"column\">\n\t\t\t<div class=\"elementor-widget-wrap elementor-element-populated\">\n\t\t\t\t\t\t<div class=\"elementor-element elementor-element-ce4b5d1 elementor-widget-divider--view-line elementor-widget elementor-widget-divider\" data-id=\"ce4b5d1\" data-element_type=\"widget\" data-widget_type=\"divider.default\">\n\t\t\t\t<div class=\"elementor-widget-container\">\n\t\t\t\t\t\t\t<div class=\"elementor-divider\">\n\t\t\t<span class=\"elementor-divider-separator\">\n\t\t\t\t\t\t<\/span>\n\t\t<\/div>\n\t\t\t\t\t\t<\/div>\n\t\t\t\t<\/div>\n\t\t\t\t\t<\/div>\n\t\t<\/div>\n\t\t\t\t\t<\/div>\n\t\t<\/section>\n\t\t\t\t<section class=\"elementor-section elementor-top-section elementor-element elementor-element-170f599 elementor-section-boxed elementor-section-height-default elementor-section-height-default\" data-id=\"170f599\" data-element_type=\"section\">\n\t\t\t\t\t\t<div class=\"elementor-container elementor-column-gap-default\">\n\t\t\t\t\t<div class=\"elementor-column elementor-col-100 elementor-top-column elementor-element elementor-element-05a2197\" data-id=\"05a2197\" data-element_type=\"column\">\n\t\t\t<div class=\"elementor-widget-wrap elementor-element-populated\">\n\t\t\t\t\t\t<div class=\"elementor-element elementor-element-23ad485 elementor-widget__width-initial elementor-widget elementor-widget-text-editor\" data-id=\"23ad485\" data-element_type=\"widget\" data-widget_type=\"text-editor.default\">\n\t\t\t\t<div class=\"elementor-widget-container\">\n\t\t\t\t\t\t\t\t\t<p class=\"translation-block\">SMARTWALKER PRO PREMIUM er for deg som vil ha alt og litt til.\nDet er for de som jobber med rehabilitering, velv\u00e6re eller trening, selv med de veldig store hundene. SMARTWALKER er laget i Danmark og laget p\u00e5 bestilling akkurat som v\u00e5re andre SMART-produkter, noe som gir deg en unik mulighet til \u00e5 f\u00e5 en vanntredem\u00f8lle som passer dine behov.<\/p><p><img fetchpriority=\"high\" decoding=\"async\" class=\"alignnone size-full wp-image-1844\" src=\"https:\/\/smartwalker.se\/wp-content\/uploads\/2023\/04\/Premium_11.jpg\" alt=\"\" width=\"2048\" height=\"1536\" srcset=\"https:\/\/smartwalker.se\/wp-content\/uploads\/2023\/04\/Premium_11.jpg 2048w, https:\/\/smartwalker.se\/wp-content\/uploads\/2023\/04\/Premium_11-300x225.jpg 300w, https:\/\/smartwalker.se\/wp-content\/uploads\/2023\/04\/Premium_11-1024x768.jpg 1024w, https:\/\/smartwalker.se\/wp-content\/uploads\/2023\/04\/Premium_11-768x576.jpg 768w, https:\/\/smartwalker.se\/wp-content\/uploads\/2023\/04\/Premium_11-1536x1152.jpg 1536w, https:\/\/smartwalker.se\/wp-content\/uploads\/2023\/04\/Premium_11-830x623.jpg 830w, https:\/\/smartwalker.se\/wp-content\/uploads\/2023\/04\/Premium_11-230x173.jpg 230w, https:\/\/smartwalker.se\/wp-content\/uploads\/2023\/04\/Premium_11-350x263.jpg 350w, https:\/\/smartwalker.se\/wp-content\/uploads\/2023\/04\/Premium_11-480x360.jpg 480w\" sizes=\"(max-width: 2048px) 100vw, 2048px\" \/><\/p><p>SMARTWALKER PRO PREMIUM er laget av rustfritt st\u00e5l med 12 mm herdet glass for en allsidig visning.<\/p><p>SMARTWALKER PRO PREMIUM er veldig brukervennlig, da alt styres fra fjernkontrollen, s\u00e5 det er ingen kraner \u00e5 \u00e5pne og lukke i daglig drift.<\/p><p>Vanntanken til SMARTWALKER PRO PREMIUM rommer ca. 1100 liter oppvarmet og filtrert vann. Den er laget av rustfritt st\u00e5l og har en skr\u00e5nende bunn slik at den kan t\u00f8mmes helt. Dette gj\u00f8r rengj\u00f8ringen mye enklere. Rensing av vannet gj\u00f8res med s\u00e5kalte \"Sandfiltre\" med sand- eller glassgranulat (valgfritt) og UV-lys, det er vanligvis ikke n\u00f8dvendig med tilsetning av klor. Men utstyret t\u00e5ler klor hvis du vil bruke det. Maks 5ppm <br \/>Vanntanken kan plasseres ved siden av Smartwalker Pro Premium eller i et rom ved siden av.(opptil 6 meter unna)<\/p><p>SMARTWALKER PRO PREMIUM styres via et touch panel. Panelet har en digital visning av hastighet. Selve hastigheten justeres ogs\u00e5 p\u00e5 denne modellen med en manuell knott. Dette gir sikker og korrekt drift, og mulighet for myk start av beltet.<\/p><p>SMARTWALKER PRO PREMIUM kommer med en Incline\/ hellings-\/stigningsfunksjon og med en trinnskinne, slik at du ogs\u00e5 kan st\u00e5 inne i hunden under trening. L\u00f8peb\u00e5ndet kan enkelt l\u00f8ftes for rengj\u00f8ring.<\/p><p class=\"translation-block\">Funksjoner og fordeler:\n\u2022 Hundens bevegelser kan f\u00f8lges fra fire retninger\n\u2022 Enkel inn- og utstigning via d\u00f8rer p\u00e5 kortsidene.\nL\u00f8peb\u00e5ndet kan kj\u00f8res i begge retninger\n\u2022 Trinnl\u00f8s hastighet 0-12 km\/t i begge retninger.\n\u2022 L\u00f8peb\u00e5ndet kan enkelt l\u00f8ftes opp til en nesten vertikal posisjon for rengj\u00f8ring\n\u2022 Tredem\u00f8llen leveres med vanntank med filtrerings- og varmesystem.\n\u2022 St\u00e5ltank med skr\u00e5 bunn\n\u2022 Leveres med elektrisk Incline\/ helling\/skr\u00e5ningsfunksjon (oppoverbakke\/nedoverbakke)\n\u2022 Leveres med Counterflow\/  motstr\u00f8ms-\/motstr\u00f8msfunksjon p\u00e5 vannet.<\/p><p><span style=\"text-decoration: underline\"><strong>Tekniska data:<\/strong><\/span><br \/>Smartwalker: 192x69x108cm + ramper skr\u00e5nende eller trappetrinn<br \/>L\u00f6pband 170x48cm.<br \/>Yttre dim. vattentank 78x140cm H\u00f6jd 150cm. Tanken rymmer 1100Liter<br \/>Vatten \u00f6ver band: max. 72cm<\/p>\t\t\t\t\t\t\t\t<\/div>\n\t\t\t\t<\/div>\n\t\t\t\t\t<\/div>\n\t\t<\/div>\n\t\t\t\t\t<\/div>\n\t\t<\/section>\n\t\t\t\t<\/div>","protected":false},"excerpt":{"rendered":"<p>Smartwalker Pro Premium SMARTWALKER PRO PREMIUM \u00e4r f\u00f6r dig som vill ha allt och lite till.Det \u00e4r f\u00f6r dig som arbetar med Rehabilitering, Friskv\u00e5rd eller tr\u00e4ning, \u00e4ven med de mycket stora hundarna. SMARTWALKER tillverkas i Danmark och g\u00f6rs p\u00e5 best\u00e4llning precis som v\u00e5ra andra SMART-produkter, vilket ger dig en unik m\u00f6jlighet att f\u00e5 ett vattenl\u00f6pband [&hellip;]<\/p>","protected":false},"author":1,"featured_media":0,"parent":0,"menu_order":0,"comment_status":"closed","ping_status":"closed","template":"elementor_header_footer","meta":{"footnotes":""},"class_list":["post-1792","page","type-page","status-publish","hentry"],"yoast_head":"<!-- This site is optimized with the Yoast SEO plugin v27.5 - https:\/\/yoast.com\/product\/yoast-seo-wordpress\/ -->\n<title>Smartwalker Pro Premium - Smartwalker<\/title>\n<meta name=\"description\" content=\"Galleri d\u00e4r ni kan se v\u00e5ra vattentraskare Smartwalker Basic, Smartwalker Duo och Smartwalker Pro. Inneh\u00e5ller \u00e4ven bilder p\u00e5 Smartviber.\" \/>\n<meta name=\"robots\" content=\"index, follow, max-snippet:-1, max-image-preview:large, max-video-preview:-1\" \/>\n<link rel=\"canonical\" href=\"https:\/\/smartwalker.se\/nb\/smartwalker-pro-premium\/\" \/>\n<meta property=\"og:locale\" content=\"nb_NO\" \/>\n<meta property=\"og:type\" content=\"article\" \/>\n<meta property=\"og:title\" content=\"Smartwalker Pro Premium - Smartwalker\" \/>\n<meta property=\"og:description\" content=\"Galleri d\u00e4r ni kan se v\u00e5ra vattentraskare Smartwalker Basic, Smartwalker Duo och Smartwalker Pro. Inneh\u00e5ller \u00e4ven bilder p\u00e5 Smartviber.\" \/>\n<meta property=\"og:url\" content=\"https:\/\/smartwalker.se\/nb\/smartwalker-pro-premium\/\" \/>\n<meta property=\"og:site_name\" content=\"Smartwalker\" \/>\n<meta property=\"article:publisher\" content=\"https:\/\/www.facebook.com\/4bensRehab\" \/>\n<meta property=\"article:modified_time\" content=\"2024-12-22T21:32:00+00:00\" \/>\n<meta property=\"og:image\" content=\"https:\/\/smartwalker.se\/wp-content\/uploads\/2023\/04\/Premium_11.jpg\" \/>\n\t<meta property=\"og:image:width\" content=\"2048\" \/>\n\t<meta property=\"og:image:height\" content=\"1536\" \/>\n\t<meta property=\"og:image:type\" content=\"image\/jpeg\" \/>\n<meta name=\"twitter:card\" content=\"summary_large_image\" \/>\n<meta name=\"twitter:label1\" content=\"Ansl. lesetid\" \/>\n\t<meta name=\"twitter:data1\" content=\"2 minutter\" \/>\n<script type=\"application\/ld+json\" class=\"yoast-schema-graph\">{\"@context\":\"https:\\\/\\\/schema.org\",\"@graph\":[{\"@type\":\"WebPage\",\"@id\":\"https:\\\/\\\/smartwalker.se\\\/smartwalker-pro-premium\\\/\",\"url\":\"https:\\\/\\\/smartwalker.se\\\/smartwalker-pro-premium\\\/\",\"name\":\"Smartwalker Pro Premium - Smartwalker\",\"isPartOf\":{\"@id\":\"https:\\\/\\\/smartwalker.se\\\/#website\"},\"primaryImageOfPage\":{\"@id\":\"https:\\\/\\\/smartwalker.se\\\/smartwalker-pro-premium\\\/#primaryimage\"},\"image\":{\"@id\":\"https:\\\/\\\/smartwalker.se\\\/smartwalker-pro-premium\\\/#primaryimage\"},\"thumbnailUrl\":\"https:\\\/\\\/smartwalker.se\\\/wp-content\\\/uploads\\\/2023\\\/04\\\/Premium_11.jpg\",\"datePublished\":\"2023-04-16T11:03:58+00:00\",\"dateModified\":\"2024-12-22T21:32:00+00:00\",\"description\":\"Galleri d\u00e4r ni kan se v\u00e5ra vattentraskare Smartwalker Basic, Smartwalker Duo och Smartwalker Pro. Inneh\u00e5ller \u00e4ven bilder p\u00e5 Smartviber.\",\"breadcrumb\":{\"@id\":\"https:\\\/\\\/smartwalker.se\\\/smartwalker-pro-premium\\\/#breadcrumb\"},\"inLanguage\":\"nb-NO\",\"potentialAction\":[{\"@type\":\"ReadAction\",\"target\":[\"https:\\\/\\\/smartwalker.se\\\/smartwalker-pro-premium\\\/\"]}]},{\"@type\":\"ImageObject\",\"inLanguage\":\"nb-NO\",\"@id\":\"https:\\\/\\\/smartwalker.se\\\/smartwalker-pro-premium\\\/#primaryimage\",\"url\":\"https:\\\/\\\/smartwalker.se\\\/wp-content\\\/uploads\\\/2023\\\/04\\\/Premium_11.jpg\",\"contentUrl\":\"https:\\\/\\\/smartwalker.se\\\/wp-content\\\/uploads\\\/2023\\\/04\\\/Premium_11.jpg\"},{\"@type\":\"BreadcrumbList\",\"@id\":\"https:\\\/\\\/smartwalker.se\\\/smartwalker-pro-premium\\\/#breadcrumb\",\"itemListElement\":[{\"@type\":\"ListItem\",\"position\":1,\"name\":\"Hem\",\"item\":\"https:\\\/\\\/smartwalker.se\\\/\"},{\"@type\":\"ListItem\",\"position\":2,\"name\":\"Smartwalker Pro Premium\"}]},{\"@type\":\"WebSite\",\"@id\":\"https:\\\/\\\/smartwalker.se\\\/#website\",\"url\":\"https:\\\/\\\/smartwalker.se\\\/\",\"name\":\"Smartwalker\",\"description\":\"Tr\u00e4ningsutrustning f\u00f6r hundar tillverkat i Danmark!\",\"publisher\":{\"@id\":\"https:\\\/\\\/smartwalker.se\\\/#organization\"},\"potentialAction\":[{\"@type\":\"SearchAction\",\"target\":{\"@type\":\"EntryPoint\",\"urlTemplate\":\"https:\\\/\\\/smartwalker.se\\\/?s={search_term_string}\"},\"query-input\":{\"@type\":\"PropertyValueSpecification\",\"valueRequired\":true,\"valueName\":\"search_term_string\"}}],\"inLanguage\":\"nb-NO\"},{\"@type\":\"Organization\",\"@id\":\"https:\\\/\\\/smartwalker.se\\\/#organization\",\"name\":\"Smartwalker\",\"url\":\"https:\\\/\\\/smartwalker.se\\\/\",\"logo\":{\"@type\":\"ImageObject\",\"inLanguage\":\"nb-NO\",\"@id\":\"https:\\\/\\\/smartwalker.se\\\/#\\\/schema\\\/logo\\\/image\\\/\",\"url\":\"https:\\\/\\\/smartwalker.se\\\/wp-content\\\/uploads\\\/2017\\\/07\\\/9Juw83-3000px-e1501530405960.png\",\"contentUrl\":\"https:\\\/\\\/smartwalker.se\\\/wp-content\\\/uploads\\\/2017\\\/07\\\/9Juw83-3000px-e1501530405960.png\",\"width\":155,\"height\":86,\"caption\":\"Smartwalker\"},\"image\":{\"@id\":\"https:\\\/\\\/smartwalker.se\\\/#\\\/schema\\\/logo\\\/image\\\/\"},\"sameAs\":[\"https:\\\/\\\/www.facebook.com\\\/4bensRehab\"]}]}<\/script>\n<!-- \/ Yoast SEO plugin. -->","yoast_head_json":{"title":"Smartwalker Pro Premium - Smartwalker","description":"Galleri d\u00e4r ni kan se v\u00e5ra vattentraskare Smartwalker Basic, Smartwalker Duo och Smartwalker Pro. Inneh\u00e5ller \u00e4ven bilder p\u00e5 Smartviber.","robots":{"index":"index","follow":"follow","max-snippet":"max-snippet:-1","max-image-preview":"max-image-preview:large","max-video-preview":"max-video-preview:-1"},"canonical":"https:\/\/smartwalker.se\/nb\/smartwalker-pro-premium\/","og_locale":"nb_NO","og_type":"article","og_title":"Smartwalker Pro Premium - Smartwalker","og_description":"Galleri d\u00e4r ni kan se v\u00e5ra vattentraskare Smartwalker Basic, Smartwalker Duo och Smartwalker Pro. Inneh\u00e5ller \u00e4ven bilder p\u00e5 Smartviber.","og_url":"https:\/\/smartwalker.se\/nb\/smartwalker-pro-premium\/","og_site_name":"Smartwalker","article_publisher":"https:\/\/www.facebook.com\/4bensRehab","article_modified_time":"2024-12-22T21:32:00+00:00","og_image":[{"width":2048,"height":1536,"url":"https:\/\/smartwalker.se\/wp-content\/uploads\/2023\/04\/Premium_11.jpg","type":"image\/jpeg"}],"twitter_card":"summary_large_image","twitter_misc":{"Ansl. lesetid":"2 minutter"},"schema":{"@context":"https:\/\/schema.org","@graph":[{"@type":"WebPage","@id":"https:\/\/smartwalker.se\/smartwalker-pro-premium\/","url":"https:\/\/smartwalker.se\/smartwalker-pro-premium\/","name":"Smartwalker Pro Premium - Smartwalker","isPartOf":{"@id":"https:\/\/smartwalker.se\/#website"},"primaryImageOfPage":{"@id":"https:\/\/smartwalker.se\/smartwalker-pro-premium\/#primaryimage"},"image":{"@id":"https:\/\/smartwalker.se\/smartwalker-pro-premium\/#primaryimage"},"thumbnailUrl":"https:\/\/smartwalker.se\/wp-content\/uploads\/2023\/04\/Premium_11.jpg","datePublished":"2023-04-16T11:03:58+00:00","dateModified":"2024-12-22T21:32:00+00:00","description":"Galleri d\u00e4r ni kan se v\u00e5ra vattentraskare Smartwalker Basic, Smartwalker Duo och Smartwalker Pro. Inneh\u00e5ller \u00e4ven bilder p\u00e5 Smartviber.","breadcrumb":{"@id":"https:\/\/smartwalker.se\/smartwalker-pro-premium\/#breadcrumb"},"inLanguage":"nb-NO","potentialAction":[{"@type":"ReadAction","target":["https:\/\/smartwalker.se\/smartwalker-pro-premium\/"]}]},{"@type":"ImageObject","inLanguage":"nb-NO","@id":"https:\/\/smartwalker.se\/smartwalker-pro-premium\/#primaryimage","url":"https:\/\/smartwalker.se\/wp-content\/uploads\/2023\/04\/Premium_11.jpg","contentUrl":"https:\/\/smartwalker.se\/wp-content\/uploads\/2023\/04\/Premium_11.jpg"},{"@type":"BreadcrumbList","@id":"https:\/\/smartwalker.se\/smartwalker-pro-premium\/#breadcrumb","itemListElement":[{"@type":"ListItem","position":1,"name":"Hem","item":"https:\/\/smartwalker.se\/"},{"@type":"ListItem","position":2,"name":"Smartwalker Pro Premium"}]},{"@type":"WebSite","@id":"https:\/\/smartwalker.se\/#website","url":"https:\/\/smartwalker.se\/","name":"Smartwalker","description":"Tr\u00e4ningsutrustning f\u00f6r hundar tillverkat i Danmark!","publisher":{"@id":"https:\/\/smartwalker.se\/#organization"},"potentialAction":[{"@type":"SearchAction","target":{"@type":"EntryPoint","urlTemplate":"https:\/\/smartwalker.se\/?s={search_term_string}"},"query-input":{"@type":"PropertyValueSpecification","valueRequired":true,"valueName":"search_term_string"}}],"inLanguage":"nb-NO"},{"@type":"Organization","@id":"https:\/\/smartwalker.se\/#organization","name":"Smartwalker","url":"https:\/\/smartwalker.se\/","logo":{"@type":"ImageObject","inLanguage":"nb-NO","@id":"https:\/\/smartwalker.se\/#\/schema\/logo\/image\/","url":"https:\/\/smartwalker.se\/wp-content\/uploads\/2017\/07\/9Juw83-3000px-e1501530405960.png","contentUrl":"https:\/\/smartwalker.se\/wp-content\/uploads\/2017\/07\/9Juw83-3000px-e1501530405960.png","width":155,"height":86,"caption":"Smartwalker"},"image":{"@id":"https:\/\/smartwalker.se\/#\/schema\/logo\/image\/"},"sameAs":["https:\/\/www.facebook.com\/4bensRehab"]}]}},"_links":{"self":[{"href":"https:\/\/smartwalker.se\/nb\/wp-json\/wp\/v2\/pages\/1792","targetHints":{"allow":["GET"]}}],"collection":[{"href":"https:\/\/smartwalker.se\/nb\/wp-json\/wp\/v2\/pages"}],"about":[{"href":"https:\/\/smartwalker.se\/nb\/wp-json\/wp\/v2\/types\/page"}],"author":[{"embeddable":true,"href":"https:\/\/smartwalker.se\/nb\/wp-json\/wp\/v2\/users\/1"}],"replies":[{"embeddable":true,"href":"https:\/\/smartwalker.se\/nb\/wp-json\/wp\/v2\/comments?post=1792"}],"version-history":[{"count":10,"href":"https:\/\/smartwalker.se\/nb\/wp-json\/wp\/v2\/pages\/1792\/revisions"}],"predecessor-version":[{"id":2062,"href":"https:\/\/smartwalker.se\/nb\/wp-json\/wp\/v2\/pages\/1792\/revisions\/2062"}],"wp:attachment":[{"href":"https:\/\/smartwalker.se\/nb\/wp-json\/wp\/v2\/media?parent=1792"}],"curies":[{"name":"wp","href":"https:\/\/api.w.org\/{rel}","templated":true}]}}