{"id":1782,"date":"2023-04-16T11:01:22","date_gmt":"2023-04-16T11:01:22","guid":{"rendered":"https:\/\/smartwalker.se\/?page_id=1782"},"modified":"2024-12-18T21:54:06","modified_gmt":"2024-12-18T21:54:06","slug":"smartwalker-pro","status":"publish","type":"page","link":"https:\/\/smartwalker.se\/nb\/smartwalker-pro\/","title":{"rendered":"Smartwalker Pro"},"content":{"rendered":"<div data-elementor-type=\"wp-page\" data-elementor-id=\"1782\" class=\"elementor elementor-1782\">\n\t\t\t\t\t\t<section class=\"elementor-section elementor-top-section elementor-element elementor-element-41590270 elementor-section-boxed elementor-section-height-default elementor-section-height-default\" data-id=\"41590270\" data-element_type=\"section\">\n\t\t\t\t\t\t<div class=\"elementor-container elementor-column-gap-default\">\n\t\t\t\t\t<div class=\"elementor-column elementor-col-100 elementor-top-column elementor-element elementor-element-144848c9\" data-id=\"144848c9\" data-element_type=\"column\">\n\t\t\t<div class=\"elementor-widget-wrap elementor-element-populated\">\n\t\t\t\t\t\t<div class=\"elementor-element elementor-element-9a54618 elementor-widget elementor-widget-heading\" data-id=\"9a54618\" data-element_type=\"widget\" data-widget_type=\"heading.default\">\n\t\t\t\t<div class=\"elementor-widget-container\">\n\t\t\t\t\t<h2 class=\"elementor-heading-title elementor-size-default\">Smartwalker Pro<\/h2>\t\t\t\t<\/div>\n\t\t\t\t<\/div>\n\t\t\t\t\t<\/div>\n\t\t<\/div>\n\t\t\t\t\t<\/div>\n\t\t<\/section>\n\t\t\t\t<section class=\"elementor-section elementor-top-section elementor-element elementor-element-550f977 elementor-section-boxed elementor-section-height-default elementor-section-height-default\" data-id=\"550f977\" data-element_type=\"section\">\n\t\t\t\t\t\t<div class=\"elementor-container elementor-column-gap-default\">\n\t\t\t\t\t<div class=\"elementor-column elementor-col-100 elementor-top-column elementor-element elementor-element-6534f27\" data-id=\"6534f27\" data-element_type=\"column\">\n\t\t\t<div class=\"elementor-widget-wrap elementor-element-populated\">\n\t\t\t\t\t\t<div class=\"elementor-element elementor-element-ce4b5d1 elementor-widget-divider--view-line elementor-widget elementor-widget-divider\" data-id=\"ce4b5d1\" data-element_type=\"widget\" data-widget_type=\"divider.default\">\n\t\t\t\t<div class=\"elementor-widget-container\">\n\t\t\t\t\t\t\t<div class=\"elementor-divider\">\n\t\t\t<span class=\"elementor-divider-separator\">\n\t\t\t\t\t\t<\/span>\n\t\t<\/div>\n\t\t\t\t\t\t<\/div>\n\t\t\t\t<\/div>\n\t\t\t\t\t<\/div>\n\t\t<\/div>\n\t\t\t\t\t<\/div>\n\t\t<\/section>\n\t\t\t\t<section class=\"elementor-section elementor-top-section elementor-element elementor-element-170f599 elementor-section-boxed elementor-section-height-default elementor-section-height-default\" data-id=\"170f599\" data-element_type=\"section\">\n\t\t\t\t\t\t<div class=\"elementor-container elementor-column-gap-default\">\n\t\t\t\t\t<div class=\"elementor-column elementor-col-100 elementor-top-column elementor-element elementor-element-05a2197\" data-id=\"05a2197\" data-element_type=\"column\">\n\t\t\t<div class=\"elementor-widget-wrap elementor-element-populated\">\n\t\t\t\t\t\t<div class=\"elementor-element elementor-element-23ad485 elementor-widget elementor-widget-text-editor\" data-id=\"23ad485\" data-element_type=\"widget\" data-widget_type=\"text-editor.default\">\n\t\t\t\t<div class=\"elementor-widget-container\">\n\t\t\t\t\t\t\t\t\t<p>SMARTWALKER PRO er for deg som jobber profesjonelt innen rehabilitering og velv\u00e6re.<\/p><p>SMARTWALKER PRO produseres i Danmark som alle v\u00e5re SMART-produkter og lages p\u00e5 bestilling, noe som gir deg en unik mulighet til \u00e5 f\u00e5 en vanntredem\u00f8lle som passer din virksomhet og dine lokaler.<\/p><p><div style=\"width: 1170px\" class=\"wp-video\"><video class=\"wp-video-shortcode\" id=\"video-1782-1\" width=\"1170\" height=\"658\" preload=\"metadata\" controls=\"controls\"><a href=\"https:\/\/smartwalker.se\/wp-content\/uploads\/2024\/12\/SMARTWALKER-PRO.mp4\">https:\/\/smartwalker.se\/wp-content\/uploads\/2024\/12\/SMARTWALKER-PRO.mp4<\/a><\/video><\/div><\/p><p class=\"translation-block\">SMARTWALKER PRO er sv\u00e6rt brukervennlig, da alt styres fra fjernkontrollen, s\u00e5 det er ingen kraner \u00e5 \u00e5pne og lukke i daglig drift.\nVanntanken rommer ca 1000 liter oppvarmet og filtrert vann. Rensing av vannet gj\u00f8res med UV-lys og mekanisk rensing = ingen tilsetning av klor eller lignende er n\u00f8dvendig. Men utstyret t\u00e5ler klor hvis du vil bruke det, maks 5 ppm.\nVanntanken kan plasseres ved siden av Smartwalker Pro eller i et rom ved siden av. (opptil maksimalt 6 meter unna)\nSMARTWALKER PRO kan leveres med elektrisk Incline\/helling\/hellingsfunksjon og med trinnskinne, slik at du ogs\u00e5 kan st\u00e5 inne med hunden under trening.<\/p><p><span style=\"text-decoration: underline\"><strong>Funksjoner og fordeler:<\/strong><\/span><br \/>\u2022 Hundens bevegelser kan f\u00f8lges fra sidene.<br \/>\u2022 Enkel inn- og utstigning via d\u00f8rer p\u00e5 kortsidene.<br \/>Trinnl\u00f8s hastighet 0-7 km\/t i begge retninger. (Mulighet for opptil 12 km\/t som ekstrautstyr).<br \/>Tredem\u00f8llen kan enkelt heves nesten helt opp for rengj\u00f8ring <br \/>SMARTWALKER PRO leveres med vanntank, filtreringssystem og oppvarming<br \/>Tilleggsutstyr kledning i rustfritt st\u00e5l for vanntanken <br \/>Valgfritt tilleggsutstyr:  elektrisk Incline\/helling\/vippefunksjon av beltet <br \/>Valgfritt tilleggsutstyr: Counterflow\/ Motstr\u00f8ms-\/motstr\u00f8msstr\u00e5le. Vannstr\u00f8mmen kan reguleres manuelt 500L-10000L\/t<br \/>Valgfritt tilleggsutstyr: l\u00f8peb\u00e5ndslengde 170 cm og 180 cm. I grunnversjonen er l\u00f8peb\u00e5ndslengden 156 cm<br \/>Valgfritt ekstrautstyr: en bredere inngang\/utgang p\u00e5 en langside<br \/>Valgfritt skr\u00e5nende ramper p\u00e5 ca. 63 cm lengde hver eller \"step-step\" ca. 65x35cm hver<br \/>Ekstrautstyr: n\u00e5 er det ogs\u00e5 en forh\u00f8yet rampe med ca. 5cm som betyr at rampen er ca. 75 cm lang for \u00e5 opprettholde helningsgraden. Det forenkler inngangen for de mindre hundene<br \/><br \/>Som eneste leverand\u00f8r p\u00e5 markedet av vanntredem\u00f8ller kan vi n\u00e5 tilby 3 forskjellige rensesystemer.<br \/>1) Det tradisjonelle med filtermedier, UV-lys og mekanisk rengj\u00f8ring.<br \/>2) Ferskvannssystem der temperert vann tilsettes tanken for hver gang vannet slippes ut. Best egnet for nybygg og renovering.<br \/>3) S\u00e5kalt sandfilter\" med valgfritt sand- eller glassgranulat og UV-lys\u00a0<\/p><p class=\"translation-block\">Dimensjoner p\u00e5 SMARTWALKER PRO i grunnversjon:\nUtvendige m\u00e5l: 170\u00d769 (*78,5 cm) x108 cm (LxBxH) ved l\u00f8peb\u00e5ndslengde 156 cm. \nl\u00f8peb\u00e5ndslengde st\u00f8rrelse 48cmx156cm\nVanntank 1000 liter dimensjoner: 170x75x130\/140 med filtreringsenhet, varmeapparat og sirkulasjonspumpe inkludert uavhengig av l\u00f8peb\u00e5ndslengde. (gjelder ikke n\u00e5r du kobler til bassenget)\n* 78,5 cm p\u00e5 det bredeste punktet ved drivhusdekselet.\nEksempel p\u00e5 utvidet l\u00f8peb\u00e5ndslengde:\nTotal lengde ved l\u00f8peb\u00e5ndslengde 170 cm og inn og ut p\u00e5 kortsidene; 170+ramme ca. 22cm + 2 stk ramper 126cm (63cm hver) = ca. 318 cm<\/p><p>Total lengde ved bredere inn\/utgang p\u00e5 langside l\u00f8peb\u00e5ndslengde  170+ramme22cm= ca. 192cm<\/p><p>Elektrisk tilkobling: 3x230v \/ 10Amp CE eller 16Amp avhengig av alternativ\/utstyr.<\/p>\t\t\t\t\t\t\t\t<\/div>\n\t\t\t\t<\/div>\n\t\t\t\t\t<\/div>\n\t\t<\/div>\n\t\t\t\t\t<\/div>\n\t\t<\/section>\n\t\t\t\t<\/div>","protected":false},"excerpt":{"rendered":"<p>Smartwalker Pro SMARTWALKER PRO \u00e4r f\u00f6r dig som arbetar professionellt inom Rehab och Friskv\u00e5rd. SMARTWALKER PRO tillverkas i Danmark som alla v\u00e5ra SMART-produkter och g\u00f6rs p\u00e5 best\u00e4llning, vilket ger dig en unik m\u00f6jlighet att f\u00e5 ett vattenl\u00f6pband som passar just din verksamhet och din lokal. SMARTWALKER PRO \u00e4r mycket anv\u00e4ndarv\u00e4nlig, eftersom allt styrs fr\u00e5n fj\u00e4rrkontrollen, [&hellip;]<\/p>","protected":false},"author":1,"featured_media":0,"parent":0,"menu_order":0,"comment_status":"closed","ping_status":"closed","template":"elementor_header_footer","meta":{"footnotes":""},"class_list":["post-1782","page","type-page","status-publish","hentry"],"yoast_head":"<!-- This site is optimized with the Yoast SEO plugin v27.6 - https:\/\/yoast.com\/product\/yoast-seo-wordpress\/ -->\n<title>Smartwalker Pro - Smartwalker<\/title>\n<meta name=\"description\" content=\"Galleri d\u00e4r ni kan se v\u00e5ra vattentraskare Smartwalker Basic, Smartwalker Duo och Smartwalker Pro. Inneh\u00e5ller \u00e4ven bilder p\u00e5 Smartviber.\" \/>\n<meta name=\"robots\" content=\"index, follow, max-snippet:-1, max-image-preview:large, max-video-preview:-1\" \/>\n<link rel=\"canonical\" href=\"https:\/\/smartwalker.se\/nb\/smartwalker-pro\/\" \/>\n<meta property=\"og:locale\" content=\"nb_NO\" \/>\n<meta property=\"og:type\" content=\"article\" \/>\n<meta property=\"og:title\" content=\"Smartwalker Pro - Smartwalker\" \/>\n<meta property=\"og:description\" content=\"Galleri d\u00e4r ni kan se v\u00e5ra vattentraskare Smartwalker Basic, Smartwalker Duo och Smartwalker Pro. Inneh\u00e5ller \u00e4ven bilder p\u00e5 Smartviber.\" \/>\n<meta property=\"og:url\" content=\"https:\/\/smartwalker.se\/nb\/smartwalker-pro\/\" \/>\n<meta property=\"og:site_name\" content=\"Smartwalker\" \/>\n<meta property=\"article:publisher\" content=\"https:\/\/www.facebook.com\/4bensRehab\" \/>\n<meta property=\"article:modified_time\" content=\"2024-12-18T21:54:06+00:00\" \/>\n<meta name=\"twitter:card\" content=\"summary_large_image\" \/>\n<meta name=\"twitter:label1\" content=\"Ansl. lesetid\" \/>\n\t<meta name=\"twitter:data1\" content=\"3 minutter\" \/>\n<script type=\"application\/ld+json\" class=\"yoast-schema-graph\">{\"@context\":\"https:\\\/\\\/schema.org\",\"@graph\":[{\"@type\":\"WebPage\",\"@id\":\"https:\\\/\\\/smartwalker.se\\\/smartwalker-pro\\\/\",\"url\":\"https:\\\/\\\/smartwalker.se\\\/smartwalker-pro\\\/\",\"name\":\"Smartwalker Pro - Smartwalker\",\"isPartOf\":{\"@id\":\"https:\\\/\\\/smartwalker.se\\\/#website\"},\"datePublished\":\"2023-04-16T11:01:22+00:00\",\"dateModified\":\"2024-12-18T21:54:06+00:00\",\"description\":\"Galleri d\u00e4r ni kan se v\u00e5ra vattentraskare Smartwalker Basic, Smartwalker Duo och Smartwalker Pro. Inneh\u00e5ller \u00e4ven bilder p\u00e5 Smartviber.\",\"breadcrumb\":{\"@id\":\"https:\\\/\\\/smartwalker.se\\\/smartwalker-pro\\\/#breadcrumb\"},\"inLanguage\":\"nb-NO\",\"potentialAction\":[{\"@type\":\"ReadAction\",\"target\":[\"https:\\\/\\\/smartwalker.se\\\/smartwalker-pro\\\/\"]}]},{\"@type\":\"BreadcrumbList\",\"@id\":\"https:\\\/\\\/smartwalker.se\\\/smartwalker-pro\\\/#breadcrumb\",\"itemListElement\":[{\"@type\":\"ListItem\",\"position\":1,\"name\":\"Hem\",\"item\":\"https:\\\/\\\/smartwalker.se\\\/\"},{\"@type\":\"ListItem\",\"position\":2,\"name\":\"Smartwalker Pro\"}]},{\"@type\":\"WebSite\",\"@id\":\"https:\\\/\\\/smartwalker.se\\\/#website\",\"url\":\"https:\\\/\\\/smartwalker.se\\\/\",\"name\":\"Smartwalker\",\"description\":\"Tr\u00e4ningsutrustning f\u00f6r hundar tillverkat i Danmark!\",\"publisher\":{\"@id\":\"https:\\\/\\\/smartwalker.se\\\/#organization\"},\"potentialAction\":[{\"@type\":\"SearchAction\",\"target\":{\"@type\":\"EntryPoint\",\"urlTemplate\":\"https:\\\/\\\/smartwalker.se\\\/?s={search_term_string}\"},\"query-input\":{\"@type\":\"PropertyValueSpecification\",\"valueRequired\":true,\"valueName\":\"search_term_string\"}}],\"inLanguage\":\"nb-NO\"},{\"@type\":\"Organization\",\"@id\":\"https:\\\/\\\/smartwalker.se\\\/#organization\",\"name\":\"Smartwalker\",\"url\":\"https:\\\/\\\/smartwalker.se\\\/\",\"logo\":{\"@type\":\"ImageObject\",\"inLanguage\":\"nb-NO\",\"@id\":\"https:\\\/\\\/smartwalker.se\\\/#\\\/schema\\\/logo\\\/image\\\/\",\"url\":\"https:\\\/\\\/smartwalker.se\\\/wp-content\\\/uploads\\\/2017\\\/07\\\/9Juw83-3000px-e1501530405960.png\",\"contentUrl\":\"https:\\\/\\\/smartwalker.se\\\/wp-content\\\/uploads\\\/2017\\\/07\\\/9Juw83-3000px-e1501530405960.png\",\"width\":155,\"height\":86,\"caption\":\"Smartwalker\"},\"image\":{\"@id\":\"https:\\\/\\\/smartwalker.se\\\/#\\\/schema\\\/logo\\\/image\\\/\"},\"sameAs\":[\"https:\\\/\\\/www.facebook.com\\\/4bensRehab\"]}]}<\/script>\n<!-- \/ Yoast SEO plugin. -->","yoast_head_json":{"title":"Smartwalker Pro - Smartwalker","description":"Galleri d\u00e4r ni kan se v\u00e5ra vattentraskare Smartwalker Basic, Smartwalker Duo och Smartwalker Pro. Inneh\u00e5ller \u00e4ven bilder p\u00e5 Smartviber.","robots":{"index":"index","follow":"follow","max-snippet":"max-snippet:-1","max-image-preview":"max-image-preview:large","max-video-preview":"max-video-preview:-1"},"canonical":"https:\/\/smartwalker.se\/nb\/smartwalker-pro\/","og_locale":"nb_NO","og_type":"article","og_title":"Smartwalker Pro - Smartwalker","og_description":"Galleri d\u00e4r ni kan se v\u00e5ra vattentraskare Smartwalker Basic, Smartwalker Duo och Smartwalker Pro. Inneh\u00e5ller \u00e4ven bilder p\u00e5 Smartviber.","og_url":"https:\/\/smartwalker.se\/nb\/smartwalker-pro\/","og_site_name":"Smartwalker","article_publisher":"https:\/\/www.facebook.com\/4bensRehab","article_modified_time":"2024-12-18T21:54:06+00:00","twitter_card":"summary_large_image","twitter_misc":{"Ansl. lesetid":"3 minutter"},"schema":{"@context":"https:\/\/schema.org","@graph":[{"@type":"WebPage","@id":"https:\/\/smartwalker.se\/smartwalker-pro\/","url":"https:\/\/smartwalker.se\/smartwalker-pro\/","name":"Smartwalker Pro - Smartwalker","isPartOf":{"@id":"https:\/\/smartwalker.se\/#website"},"datePublished":"2023-04-16T11:01:22+00:00","dateModified":"2024-12-18T21:54:06+00:00","description":"Galleri d\u00e4r ni kan se v\u00e5ra vattentraskare Smartwalker Basic, Smartwalker Duo och Smartwalker Pro. Inneh\u00e5ller \u00e4ven bilder p\u00e5 Smartviber.","breadcrumb":{"@id":"https:\/\/smartwalker.se\/smartwalker-pro\/#breadcrumb"},"inLanguage":"nb-NO","potentialAction":[{"@type":"ReadAction","target":["https:\/\/smartwalker.se\/smartwalker-pro\/"]}]},{"@type":"BreadcrumbList","@id":"https:\/\/smartwalker.se\/smartwalker-pro\/#breadcrumb","itemListElement":[{"@type":"ListItem","position":1,"name":"Hem","item":"https:\/\/smartwalker.se\/"},{"@type":"ListItem","position":2,"name":"Smartwalker Pro"}]},{"@type":"WebSite","@id":"https:\/\/smartwalker.se\/#website","url":"https:\/\/smartwalker.se\/","name":"Smartwalker","description":"Tr\u00e4ningsutrustning f\u00f6r hundar tillverkat i Danmark!","publisher":{"@id":"https:\/\/smartwalker.se\/#organization"},"potentialAction":[{"@type":"SearchAction","target":{"@type":"EntryPoint","urlTemplate":"https:\/\/smartwalker.se\/?s={search_term_string}"},"query-input":{"@type":"PropertyValueSpecification","valueRequired":true,"valueName":"search_term_string"}}],"inLanguage":"nb-NO"},{"@type":"Organization","@id":"https:\/\/smartwalker.se\/#organization","name":"Smartwalker","url":"https:\/\/smartwalker.se\/","logo":{"@type":"ImageObject","inLanguage":"nb-NO","@id":"https:\/\/smartwalker.se\/#\/schema\/logo\/image\/","url":"https:\/\/smartwalker.se\/wp-content\/uploads\/2017\/07\/9Juw83-3000px-e1501530405960.png","contentUrl":"https:\/\/smartwalker.se\/wp-content\/uploads\/2017\/07\/9Juw83-3000px-e1501530405960.png","width":155,"height":86,"caption":"Smartwalker"},"image":{"@id":"https:\/\/smartwalker.se\/#\/schema\/logo\/image\/"},"sameAs":["https:\/\/www.facebook.com\/4bensRehab"]}]}},"_links":{"self":[{"href":"https:\/\/smartwalker.se\/nb\/wp-json\/wp\/v2\/pages\/1782","targetHints":{"allow":["GET"]}}],"collection":[{"href":"https:\/\/smartwalker.se\/nb\/wp-json\/wp\/v2\/pages"}],"about":[{"href":"https:\/\/smartwalker.se\/nb\/wp-json\/wp\/v2\/types\/page"}],"author":[{"embeddable":true,"href":"https:\/\/smartwalker.se\/nb\/wp-json\/wp\/v2\/users\/1"}],"replies":[{"embeddable":true,"href":"https:\/\/smartwalker.se\/nb\/wp-json\/wp\/v2\/comments?post=1782"}],"version-history":[{"count":13,"href":"https:\/\/smartwalker.se\/nb\/wp-json\/wp\/v2\/pages\/1782\/revisions"}],"predecessor-version":[{"id":2043,"href":"https:\/\/smartwalker.se\/nb\/wp-json\/wp\/v2\/pages\/1782\/revisions\/2043"}],"wp:attachment":[{"href":"https:\/\/smartwalker.se\/nb\/wp-json\/wp\/v2\/media?parent=1782"}],"curies":[{"name":"wp","href":"https:\/\/api.w.org\/{rel}","templated":true}]}}