{"id":1774,"date":"2023-04-16T10:59:32","date_gmt":"2023-04-16T10:59:32","guid":{"rendered":"https:\/\/smartwalker.se\/?page_id=1774"},"modified":"2024-12-22T15:14:32","modified_gmt":"2024-12-22T15:14:32","slug":"smartwalker-light","status":"publish","type":"page","link":"https:\/\/smartwalker.se\/nb\/smartwalker-light\/","title":{"rendered":"Smartwalker Light"},"content":{"rendered":"<div data-elementor-type=\"wp-page\" data-elementor-id=\"1774\" class=\"elementor elementor-1774\">\n\t\t\t\t\t\t<section class=\"elementor-section elementor-top-section elementor-element elementor-element-41590270 elementor-section-boxed elementor-section-height-default elementor-section-height-default\" data-id=\"41590270\" data-element_type=\"section\">\n\t\t\t\t\t\t<div class=\"elementor-container elementor-column-gap-default\">\n\t\t\t\t\t<div class=\"elementor-column elementor-col-100 elementor-top-column elementor-element elementor-element-144848c9\" data-id=\"144848c9\" data-element_type=\"column\">\n\t\t\t<div class=\"elementor-widget-wrap elementor-element-populated\">\n\t\t\t\t\t\t<div class=\"elementor-element elementor-element-9a54618 elementor-widget elementor-widget-heading\" data-id=\"9a54618\" data-element_type=\"widget\" data-widget_type=\"heading.default\">\n\t\t\t\t<div class=\"elementor-widget-container\">\n\t\t\t\t\t<h2 class=\"elementor-heading-title elementor-size-default\">Smartwalker Light<\/h2>\t\t\t\t<\/div>\n\t\t\t\t<\/div>\n\t\t\t\t\t<\/div>\n\t\t<\/div>\n\t\t\t\t\t<\/div>\n\t\t<\/section>\n\t\t\t\t<section class=\"elementor-section elementor-top-section elementor-element elementor-element-550f977 elementor-section-boxed elementor-section-height-default elementor-section-height-default\" data-id=\"550f977\" data-element_type=\"section\">\n\t\t\t\t\t\t<div class=\"elementor-container elementor-column-gap-default\">\n\t\t\t\t\t<div class=\"elementor-column elementor-col-100 elementor-top-column elementor-element elementor-element-6534f27\" data-id=\"6534f27\" data-element_type=\"column\">\n\t\t\t<div class=\"elementor-widget-wrap elementor-element-populated\">\n\t\t\t\t\t\t<div class=\"elementor-element elementor-element-ce4b5d1 elementor-widget-divider--view-line elementor-widget elementor-widget-divider\" data-id=\"ce4b5d1\" data-element_type=\"widget\" data-widget_type=\"divider.default\">\n\t\t\t\t<div class=\"elementor-widget-container\">\n\t\t\t\t\t\t\t<div class=\"elementor-divider\">\n\t\t\t<span class=\"elementor-divider-separator\">\n\t\t\t\t\t\t<\/span>\n\t\t<\/div>\n\t\t\t\t\t\t<\/div>\n\t\t\t\t<\/div>\n\t\t\t\t\t<\/div>\n\t\t<\/div>\n\t\t\t\t\t<\/div>\n\t\t<\/section>\n\t\t\t\t<section class=\"elementor-section elementor-top-section elementor-element elementor-element-170f599 elementor-section-boxed elementor-section-height-default elementor-section-height-default\" data-id=\"170f599\" data-element_type=\"section\">\n\t\t\t\t\t\t<div class=\"elementor-container elementor-column-gap-default\">\n\t\t\t\t\t<div class=\"elementor-column elementor-col-100 elementor-top-column elementor-element elementor-element-05a2197\" data-id=\"05a2197\" data-element_type=\"column\">\n\t\t\t<div class=\"elementor-widget-wrap elementor-element-populated\">\n\t\t\t\t\t\t<div class=\"elementor-element elementor-element-23ad485 elementor-widget elementor-widget-text-editor\" data-id=\"23ad485\" data-element_type=\"widget\" data-widget_type=\"text-editor.default\">\n\t\t\t\t<div class=\"elementor-widget-container\">\n\t\t\t\t\t\t\t\t\t<p>SMARTWALKER LIGHT er for deg som \u00f8nsker en vanntredem\u00f8lle i sin kanskje nystartede virksomhet, eller for deg som synes at investeringen i en PRO er for stor akkurat n\u00e5. Med SMARTWALKER LIGHT tilbys du muligheten til en profesjonell vanntredem\u00f8lle, med det absolutt n\u00f8dvendige. SMARTWALKER Light er som alle SMARTWALKER-er veldig brukervennlig, da alt styres fra kontrollpanelet, s\u00e5 det er ingen kraner \u00e5 \u00e5pne og lukke i daglig drift.<\/p><p><img fetchpriority=\"high\" decoding=\"async\" class=\"alignnone size-full wp-image-1702\" src=\"https:\/\/smartwalker.se\/wp-content\/uploads\/2023\/04\/Light_2.jpg\" alt=\"\" width=\"2500\" height=\"1234\" srcset=\"https:\/\/smartwalker.se\/wp-content\/uploads\/2023\/04\/Light_2.jpg 2500w, https:\/\/smartwalker.se\/wp-content\/uploads\/2023\/04\/Light_2-300x148.jpg 300w, https:\/\/smartwalker.se\/wp-content\/uploads\/2023\/04\/Light_2-1024x505.jpg 1024w, https:\/\/smartwalker.se\/wp-content\/uploads\/2023\/04\/Light_2-768x379.jpg 768w, https:\/\/smartwalker.se\/wp-content\/uploads\/2023\/04\/Light_2-1536x758.jpg 1536w, https:\/\/smartwalker.se\/wp-content\/uploads\/2023\/04\/Light_2-2048x1011.jpg 2048w, https:\/\/smartwalker.se\/wp-content\/uploads\/2023\/04\/Light_2-830x410.jpg 830w, https:\/\/smartwalker.se\/wp-content\/uploads\/2023\/04\/Light_2-230x114.jpg 230w, https:\/\/smartwalker.se\/wp-content\/uploads\/2023\/04\/Light_2-350x173.jpg 350w, https:\/\/smartwalker.se\/wp-content\/uploads\/2023\/04\/Light_2-480x237.jpg 480w, https:\/\/smartwalker.se\/wp-content\/uploads\/2023\/04\/Light_2-600x296.jpg 600w\" sizes=\"(max-width: 2500px) 100vw, 2500px\" \/><\/p><p><span style=\"text-decoration: underline\"><strong>Funksjoner og fordeler:<\/strong><\/span><\/p><p>\u2022 Hundens bevegelser kan f\u00f8lges fra sidene.<\/p><p>\u2022 Enkel inn- og utstigning via d\u00f8rer p\u00e5 kortsidene.<\/p><p>\u2022 Tredem\u00f8llen kan l\u00f8ftes opp for rengj\u00f8ring, litt h\u00f8yere enn p\u00e5 DUO<\/p><p>\u2022 Tredem\u00f8llen leveres med vanntank med filtersystem, varme og slanger. Kort sagt, hva som trengs for \u00e5 installere det.<\/p><p>Vanntanken til SMARTWALKER Light rommer omtrent 750 liter oppvarmet og filtrert vann. Rensing av vannet gj\u00f8res med en filtreringsenhet med UV-lys plassert i bunnen av tanken p\u00e5 denne modellen, tilsetning av klor er vanligvis ikke n\u00f8dvendig. Men utstyret t\u00e5ler klor hvis du vil bruke det. Maks 5ppm.  Vanntanken kan plasseres ved siden av Smartwalker Light eller i et rom ved siden av. (opptil 3 meter unna)<\/p><p><span style=\"text-decoration: underline\"><strong>Tekniska data:<\/strong><\/span><\/p><p>M\u00e5tt 165,5x63x98cm (70cm p\u00e5 det bredaste )<\/p><p>L\u00f6pband ca. 153x42cm.<\/p><p>Vatten \u00f6ver band: max. 62cm<\/p><p>Vattentank 750 Liter \u00f880 x 165cm<\/p><p>Hastighet 0-10km\/h L\u00f6pbandet kan k\u00f6ras \u00e5t b\u00e5da h\u00e5llen ( som PRO )<\/p><p>Levereras med t\u00e4cksidor till Smartwalkern f\u00f6r ett proffsigt utseende.<\/p>\t\t\t\t\t\t\t\t<\/div>\n\t\t\t\t<\/div>\n\t\t\t\t\t<\/div>\n\t\t<\/div>\n\t\t\t\t\t<\/div>\n\t\t<\/section>\n\t\t\t\t<\/div>","protected":false},"excerpt":{"rendered":"<p>Smartwalker Light SMARTWALKER LIGHT \u00e4r f\u00f6r dig som vill ha ett vattenl\u00f6pband i din kanske nystartade verksamhet, eller f\u00f6r dig som tycker att investeringen i en PRO \u00e4r f\u00f6r stor just nu. Med SMARTWALKER LIGHT erbjuds du m\u00f6jligheten till ett professionellt vattenl\u00f6pband, med det absolut n\u00f6dv\u00e4ndigaste. SMARTWALKER Light \u00e4r som alla SMARTWALKERs mycket anv\u00e4ndarv\u00e4nlig, eftersom [&hellip;]<\/p>","protected":false},"author":1,"featured_media":0,"parent":0,"menu_order":0,"comment_status":"closed","ping_status":"closed","template":"elementor_header_footer","meta":{"footnotes":""},"class_list":["post-1774","page","type-page","status-publish","hentry"],"yoast_head":"<!-- This site is optimized with the Yoast SEO plugin v27.6 - https:\/\/yoast.com\/product\/yoast-seo-wordpress\/ -->\n<title>Smartwalker Light - Smartwalker<\/title>\n<meta name=\"description\" content=\"Galleri d\u00e4r ni kan se v\u00e5ra vattentraskare Smartwalker Basic, Smartwalker Duo och Smartwalker Pro. Inneh\u00e5ller \u00e4ven bilder p\u00e5 Smartviber.\" \/>\n<meta name=\"robots\" content=\"index, follow, max-snippet:-1, max-image-preview:large, max-video-preview:-1\" \/>\n<link rel=\"canonical\" href=\"https:\/\/smartwalker.se\/nb\/smartwalker-light\/\" \/>\n<meta property=\"og:locale\" content=\"nb_NO\" \/>\n<meta property=\"og:type\" content=\"article\" \/>\n<meta property=\"og:title\" content=\"Smartwalker Light - Smartwalker\" \/>\n<meta property=\"og:description\" content=\"Galleri d\u00e4r ni kan se v\u00e5ra vattentraskare Smartwalker Basic, Smartwalker Duo och Smartwalker Pro. Inneh\u00e5ller \u00e4ven bilder p\u00e5 Smartviber.\" \/>\n<meta property=\"og:url\" content=\"https:\/\/smartwalker.se\/nb\/smartwalker-light\/\" \/>\n<meta property=\"og:site_name\" content=\"Smartwalker\" \/>\n<meta property=\"article:publisher\" content=\"https:\/\/www.facebook.com\/4bensRehab\" \/>\n<meta property=\"article:modified_time\" content=\"2024-12-22T15:14:32+00:00\" \/>\n<meta property=\"og:image\" content=\"https:\/\/smartwalker.se\/wp-content\/uploads\/2023\/04\/Light_2.jpg\" \/>\n\t<meta property=\"og:image:width\" content=\"2500\" \/>\n\t<meta property=\"og:image:height\" content=\"1234\" \/>\n\t<meta property=\"og:image:type\" content=\"image\/jpeg\" \/>\n<meta name=\"twitter:card\" content=\"summary_large_image\" \/>\n<meta name=\"twitter:label1\" content=\"Ansl. lesetid\" \/>\n\t<meta name=\"twitter:data1\" content=\"2 minutter\" \/>\n<script type=\"application\/ld+json\" class=\"yoast-schema-graph\">{\"@context\":\"https:\\\/\\\/schema.org\",\"@graph\":[{\"@type\":\"WebPage\",\"@id\":\"https:\\\/\\\/smartwalker.se\\\/smartwalker-light\\\/\",\"url\":\"https:\\\/\\\/smartwalker.se\\\/smartwalker-light\\\/\",\"name\":\"Smartwalker Light - Smartwalker\",\"isPartOf\":{\"@id\":\"https:\\\/\\\/smartwalker.se\\\/#website\"},\"primaryImageOfPage\":{\"@id\":\"https:\\\/\\\/smartwalker.se\\\/smartwalker-light\\\/#primaryimage\"},\"image\":{\"@id\":\"https:\\\/\\\/smartwalker.se\\\/smartwalker-light\\\/#primaryimage\"},\"thumbnailUrl\":\"https:\\\/\\\/smartwalker.se\\\/wp-content\\\/uploads\\\/2023\\\/04\\\/Light_2.jpg\",\"datePublished\":\"2023-04-16T10:59:32+00:00\",\"dateModified\":\"2024-12-22T15:14:32+00:00\",\"description\":\"Galleri d\u00e4r ni kan se v\u00e5ra vattentraskare Smartwalker Basic, Smartwalker Duo och Smartwalker Pro. Inneh\u00e5ller \u00e4ven bilder p\u00e5 Smartviber.\",\"breadcrumb\":{\"@id\":\"https:\\\/\\\/smartwalker.se\\\/smartwalker-light\\\/#breadcrumb\"},\"inLanguage\":\"nb-NO\",\"potentialAction\":[{\"@type\":\"ReadAction\",\"target\":[\"https:\\\/\\\/smartwalker.se\\\/smartwalker-light\\\/\"]}]},{\"@type\":\"ImageObject\",\"inLanguage\":\"nb-NO\",\"@id\":\"https:\\\/\\\/smartwalker.se\\\/smartwalker-light\\\/#primaryimage\",\"url\":\"https:\\\/\\\/smartwalker.se\\\/wp-content\\\/uploads\\\/2023\\\/04\\\/Light_2.jpg\",\"contentUrl\":\"https:\\\/\\\/smartwalker.se\\\/wp-content\\\/uploads\\\/2023\\\/04\\\/Light_2.jpg\"},{\"@type\":\"BreadcrumbList\",\"@id\":\"https:\\\/\\\/smartwalker.se\\\/smartwalker-light\\\/#breadcrumb\",\"itemListElement\":[{\"@type\":\"ListItem\",\"position\":1,\"name\":\"Hem\",\"item\":\"https:\\\/\\\/smartwalker.se\\\/\"},{\"@type\":\"ListItem\",\"position\":2,\"name\":\"Smartwalker Light\"}]},{\"@type\":\"WebSite\",\"@id\":\"https:\\\/\\\/smartwalker.se\\\/#website\",\"url\":\"https:\\\/\\\/smartwalker.se\\\/\",\"name\":\"Smartwalker\",\"description\":\"Tr\u00e4ningsutrustning f\u00f6r hundar tillverkat i Danmark!\",\"publisher\":{\"@id\":\"https:\\\/\\\/smartwalker.se\\\/#organization\"},\"potentialAction\":[{\"@type\":\"SearchAction\",\"target\":{\"@type\":\"EntryPoint\",\"urlTemplate\":\"https:\\\/\\\/smartwalker.se\\\/?s={search_term_string}\"},\"query-input\":{\"@type\":\"PropertyValueSpecification\",\"valueRequired\":true,\"valueName\":\"search_term_string\"}}],\"inLanguage\":\"nb-NO\"},{\"@type\":\"Organization\",\"@id\":\"https:\\\/\\\/smartwalker.se\\\/#organization\",\"name\":\"Smartwalker\",\"url\":\"https:\\\/\\\/smartwalker.se\\\/\",\"logo\":{\"@type\":\"ImageObject\",\"inLanguage\":\"nb-NO\",\"@id\":\"https:\\\/\\\/smartwalker.se\\\/#\\\/schema\\\/logo\\\/image\\\/\",\"url\":\"https:\\\/\\\/smartwalker.se\\\/wp-content\\\/uploads\\\/2017\\\/07\\\/9Juw83-3000px-e1501530405960.png\",\"contentUrl\":\"https:\\\/\\\/smartwalker.se\\\/wp-content\\\/uploads\\\/2017\\\/07\\\/9Juw83-3000px-e1501530405960.png\",\"width\":155,\"height\":86,\"caption\":\"Smartwalker\"},\"image\":{\"@id\":\"https:\\\/\\\/smartwalker.se\\\/#\\\/schema\\\/logo\\\/image\\\/\"},\"sameAs\":[\"https:\\\/\\\/www.facebook.com\\\/4bensRehab\"]}]}<\/script>\n<!-- \/ Yoast SEO plugin. -->","yoast_head_json":{"title":"Smartwalker Light - Smartwalker","description":"Galleri d\u00e4r ni kan se v\u00e5ra vattentraskare Smartwalker Basic, Smartwalker Duo och Smartwalker Pro. Inneh\u00e5ller \u00e4ven bilder p\u00e5 Smartviber.","robots":{"index":"index","follow":"follow","max-snippet":"max-snippet:-1","max-image-preview":"max-image-preview:large","max-video-preview":"max-video-preview:-1"},"canonical":"https:\/\/smartwalker.se\/nb\/smartwalker-light\/","og_locale":"nb_NO","og_type":"article","og_title":"Smartwalker Light - Smartwalker","og_description":"Galleri d\u00e4r ni kan se v\u00e5ra vattentraskare Smartwalker Basic, Smartwalker Duo och Smartwalker Pro. Inneh\u00e5ller \u00e4ven bilder p\u00e5 Smartviber.","og_url":"https:\/\/smartwalker.se\/nb\/smartwalker-light\/","og_site_name":"Smartwalker","article_publisher":"https:\/\/www.facebook.com\/4bensRehab","article_modified_time":"2024-12-22T15:14:32+00:00","og_image":[{"width":2500,"height":1234,"url":"https:\/\/smartwalker.se\/wp-content\/uploads\/2023\/04\/Light_2.jpg","type":"image\/jpeg"}],"twitter_card":"summary_large_image","twitter_misc":{"Ansl. lesetid":"2 minutter"},"schema":{"@context":"https:\/\/schema.org","@graph":[{"@type":"WebPage","@id":"https:\/\/smartwalker.se\/smartwalker-light\/","url":"https:\/\/smartwalker.se\/smartwalker-light\/","name":"Smartwalker Light - Smartwalker","isPartOf":{"@id":"https:\/\/smartwalker.se\/#website"},"primaryImageOfPage":{"@id":"https:\/\/smartwalker.se\/smartwalker-light\/#primaryimage"},"image":{"@id":"https:\/\/smartwalker.se\/smartwalker-light\/#primaryimage"},"thumbnailUrl":"https:\/\/smartwalker.se\/wp-content\/uploads\/2023\/04\/Light_2.jpg","datePublished":"2023-04-16T10:59:32+00:00","dateModified":"2024-12-22T15:14:32+00:00","description":"Galleri d\u00e4r ni kan se v\u00e5ra vattentraskare Smartwalker Basic, Smartwalker Duo och Smartwalker Pro. Inneh\u00e5ller \u00e4ven bilder p\u00e5 Smartviber.","breadcrumb":{"@id":"https:\/\/smartwalker.se\/smartwalker-light\/#breadcrumb"},"inLanguage":"nb-NO","potentialAction":[{"@type":"ReadAction","target":["https:\/\/smartwalker.se\/smartwalker-light\/"]}]},{"@type":"ImageObject","inLanguage":"nb-NO","@id":"https:\/\/smartwalker.se\/smartwalker-light\/#primaryimage","url":"https:\/\/smartwalker.se\/wp-content\/uploads\/2023\/04\/Light_2.jpg","contentUrl":"https:\/\/smartwalker.se\/wp-content\/uploads\/2023\/04\/Light_2.jpg"},{"@type":"BreadcrumbList","@id":"https:\/\/smartwalker.se\/smartwalker-light\/#breadcrumb","itemListElement":[{"@type":"ListItem","position":1,"name":"Hem","item":"https:\/\/smartwalker.se\/"},{"@type":"ListItem","position":2,"name":"Smartwalker Light"}]},{"@type":"WebSite","@id":"https:\/\/smartwalker.se\/#website","url":"https:\/\/smartwalker.se\/","name":"Smartwalker","description":"Tr\u00e4ningsutrustning f\u00f6r hundar tillverkat i Danmark!","publisher":{"@id":"https:\/\/smartwalker.se\/#organization"},"potentialAction":[{"@type":"SearchAction","target":{"@type":"EntryPoint","urlTemplate":"https:\/\/smartwalker.se\/?s={search_term_string}"},"query-input":{"@type":"PropertyValueSpecification","valueRequired":true,"valueName":"search_term_string"}}],"inLanguage":"nb-NO"},{"@type":"Organization","@id":"https:\/\/smartwalker.se\/#organization","name":"Smartwalker","url":"https:\/\/smartwalker.se\/","logo":{"@type":"ImageObject","inLanguage":"nb-NO","@id":"https:\/\/smartwalker.se\/#\/schema\/logo\/image\/","url":"https:\/\/smartwalker.se\/wp-content\/uploads\/2017\/07\/9Juw83-3000px-e1501530405960.png","contentUrl":"https:\/\/smartwalker.se\/wp-content\/uploads\/2017\/07\/9Juw83-3000px-e1501530405960.png","width":155,"height":86,"caption":"Smartwalker"},"image":{"@id":"https:\/\/smartwalker.se\/#\/schema\/logo\/image\/"},"sameAs":["https:\/\/www.facebook.com\/4bensRehab"]}]}},"_links":{"self":[{"href":"https:\/\/smartwalker.se\/nb\/wp-json\/wp\/v2\/pages\/1774","targetHints":{"allow":["GET"]}}],"collection":[{"href":"https:\/\/smartwalker.se\/nb\/wp-json\/wp\/v2\/pages"}],"about":[{"href":"https:\/\/smartwalker.se\/nb\/wp-json\/wp\/v2\/types\/page"}],"author":[{"embeddable":true,"href":"https:\/\/smartwalker.se\/nb\/wp-json\/wp\/v2\/users\/1"}],"replies":[{"embeddable":true,"href":"https:\/\/smartwalker.se\/nb\/wp-json\/wp\/v2\/comments?post=1774"}],"version-history":[{"count":17,"href":"https:\/\/smartwalker.se\/nb\/wp-json\/wp\/v2\/pages\/1774\/revisions"}],"predecessor-version":[{"id":2055,"href":"https:\/\/smartwalker.se\/nb\/wp-json\/wp\/v2\/pages\/1774\/revisions\/2055"}],"wp:attachment":[{"href":"https:\/\/smartwalker.se\/nb\/wp-json\/wp\/v2\/media?parent=1774"}],"curies":[{"name":"wp","href":"https:\/\/api.w.org\/{rel}","templated":true}]}}