{"id":1766,"date":"2023-04-16T10:54:18","date_gmt":"2023-04-16T10:54:18","guid":{"rendered":"https:\/\/smartwalker.se\/?page_id=1766"},"modified":"2025-09-11T08:48:23","modified_gmt":"2025-09-11T08:48:23","slug":"smartwalker-duo","status":"publish","type":"page","link":"https:\/\/smartwalker.se\/nb\/smartwalker-duo\/","title":{"rendered":"Smartwalker Duo"},"content":{"rendered":"<h2>Smartwalker Duo<\/h2>\n<p>Med SMARTWALKER vanntredem\u00f8lle har du alltid en vanntredem\u00f8lle som passer dine behov, enten du er hundeeier eller om du jobber med rehabilitering og velv\u00e6re i dag og \u00f8nsker \u00e5 inkludere vanntredem\u00f8ller i virksomheten din.<\/p>\n<p>SMARTWALKER DUO er laget som v\u00e5re andre SMARTWALKERE bare for de som trenger det.<\/p>\n<p>SMARTWALKER DUO er b\u00e5de en vanntredem\u00f8lle og en vanlig tredem\u00f8lle. Spesielt utviklet for hjemmebruk for deg som hundeeier, oppdretter-kennel.<\/p>\n<p>Med den nye SMARTWALKER DUO kan du se hunden fra begge langsidene av SMARTWALKER DUO<\/p>\n<p>SMARTWALKER DUO kan brukes b\u00e5de med vann og uten vann som en vanlig t\u00f8rr tredem\u00f8lle. SMARTWALKER DUO har inngang og utgang p\u00e5 kortsidene<\/p>\n<p><strong>Teknisk beskrivelse:<\/strong><\/p>\n<p>Enkel betjening fra kontrollpanelet<\/p>\n<p>Trinnl\u00f8s hastighetskontroll fra 0-15 km\/t<\/p>\n<p>Utvendige m\u00e5l 150x60x93cm (LxBxH )<\/p>\n<p>L\u00f8peomr\u00e5det er 137x42cm<\/p>\n<p>SMARTWALKER DUO inkluderar en 600Liters vattentank i plast med m\u00e5ttet 81x81x110cm (LxBxH) med filtreringsenhet och v\u00e4rmare<\/p>\n<p>NU finns ocks\u00e5 tillvalet extra l\u00f6pbandsl\u00e4ngd till 156cm<\/p>\n<p>\t\t\t\t\t\t\t\t\t\t\t\t\t\t\t<img fetchpriority=\"high\" decoding=\"async\" width=\"576\" height=\"1024\" src=\"https:\/\/smartwalker.se\/wp-content\/uploads\/2023\/04\/Duo_13-576x1024.jpg\" alt=\"\" srcset=\"https:\/\/smartwalker.se\/wp-content\/uploads\/2023\/04\/Duo_13-576x1024.jpg 576w, https:\/\/smartwalker.se\/wp-content\/uploads\/2023\/04\/Duo_13-169x300.jpg 169w, https:\/\/smartwalker.se\/wp-content\/uploads\/2023\/04\/Duo_13-768x1365.jpg 768w, https:\/\/smartwalker.se\/wp-content\/uploads\/2023\/04\/Duo_13-864x1536.jpg 864w, https:\/\/smartwalker.se\/wp-content\/uploads\/2023\/04\/Duo_13-830x1476.jpg 830w, https:\/\/smartwalker.se\/wp-content\/uploads\/2023\/04\/Duo_13-230x409.jpg 230w, https:\/\/smartwalker.se\/wp-content\/uploads\/2023\/04\/Duo_13-350x622.jpg 350w, https:\/\/smartwalker.se\/wp-content\/uploads\/2023\/04\/Duo_13-480x853.jpg 480w, https:\/\/smartwalker.se\/wp-content\/uploads\/2023\/04\/Duo_13-600x1067.jpg 600w, https:\/\/smartwalker.se\/wp-content\/uploads\/2023\/04\/Duo_13.jpg 1080w\" sizes=\"(max-width: 576px) 100vw, 576px\" \/><\/p>","protected":false},"excerpt":{"rendered":"<p>Smartwalker Duo Med Vattentraskaren SMARTWALKER har du alltid ett vattenl\u00f6pband som passar dina behov oavsett om du \u00e4r en hund\u00e4gare eller om du arbetar med Rehabilitering och Friskv\u00e5rd idag och vill inkludera vattentraskare i din verksamhet. SMARTWALKER DUO tillverkas som v\u00e5ra andra SMARTWALKER just f\u00f6r den som ska ha den. SMARTWALKER DUO \u00e4r b\u00e5de ett [&hellip;]<\/p>","protected":false},"author":1,"featured_media":0,"parent":0,"menu_order":0,"comment_status":"closed","ping_status":"closed","template":"elementor_header_footer","meta":{"footnotes":""},"class_list":["post-1766","page","type-page","status-publish","hentry"],"yoast_head":"<!-- This site is optimized with the Yoast SEO plugin v27.5 - https:\/\/yoast.com\/product\/yoast-seo-wordpress\/ -->\n<title>Smartwalker Duo - Smartwalker<\/title>\n<meta name=\"robots\" content=\"index, follow, max-snippet:-1, max-image-preview:large, max-video-preview:-1\" \/>\n<link rel=\"canonical\" href=\"https:\/\/smartwalker.se\/nb\/smartwalker-duo\/\" \/>\n<meta property=\"og:locale\" content=\"nb_NO\" \/>\n<meta property=\"og:type\" content=\"article\" \/>\n<meta property=\"og:title\" content=\"Smartwalker Duo - Smartwalker\" \/>\n<meta property=\"og:description\" content=\"Smartwalker Duo Med Vattentraskaren SMARTWALKER har du alltid ett vattenl\u00f6pband som passar dina behov oavsett om du \u00e4r en hund\u00e4gare eller om du arbetar med Rehabilitering och Friskv\u00e5rd idag och vill inkludera vattentraskare i din verksamhet. SMARTWALKER DUO tillverkas som v\u00e5ra andra SMARTWALKER just f\u00f6r den som ska ha den. SMARTWALKER DUO \u00e4r b\u00e5de ett [&hellip;]\" \/>\n<meta property=\"og:url\" content=\"https:\/\/smartwalker.se\/nb\/smartwalker-duo\/\" \/>\n<meta property=\"og:site_name\" content=\"Smartwalker\" \/>\n<meta property=\"article:publisher\" content=\"https:\/\/www.facebook.com\/4bensRehab\" \/>\n<meta property=\"article:modified_time\" content=\"2025-09-11T08:48:23+00:00\" \/>\n<meta property=\"og:image\" content=\"https:\/\/smartwalker.se\/wp-content\/uploads\/2023\/04\/Duo_13-576x1024.jpg\" \/>\n<meta name=\"twitter:card\" content=\"summary_large_image\" \/>\n<meta name=\"twitter:label1\" content=\"Ansl. lesetid\" \/>\n\t<meta name=\"twitter:data1\" content=\"1 minutt\" \/>\n<script type=\"application\/ld+json\" class=\"yoast-schema-graph\">{\"@context\":\"https:\\\/\\\/schema.org\",\"@graph\":[{\"@type\":\"WebPage\",\"@id\":\"https:\\\/\\\/smartwalker.se\\\/smartwalker-duo\\\/\",\"url\":\"https:\\\/\\\/smartwalker.se\\\/smartwalker-duo\\\/\",\"name\":\"Smartwalker Duo - Smartwalker\",\"isPartOf\":{\"@id\":\"https:\\\/\\\/smartwalker.se\\\/#website\"},\"primaryImageOfPage\":{\"@id\":\"https:\\\/\\\/smartwalker.se\\\/smartwalker-duo\\\/#primaryimage\"},\"image\":{\"@id\":\"https:\\\/\\\/smartwalker.se\\\/smartwalker-duo\\\/#primaryimage\"},\"thumbnailUrl\":\"https:\\\/\\\/smartwalker.se\\\/wp-content\\\/uploads\\\/2023\\\/04\\\/Duo_13-576x1024.jpg\",\"datePublished\":\"2023-04-16T10:54:18+00:00\",\"dateModified\":\"2025-09-11T08:48:23+00:00\",\"breadcrumb\":{\"@id\":\"https:\\\/\\\/smartwalker.se\\\/smartwalker-duo\\\/#breadcrumb\"},\"inLanguage\":\"nb-NO\",\"potentialAction\":[{\"@type\":\"ReadAction\",\"target\":[\"https:\\\/\\\/smartwalker.se\\\/smartwalker-duo\\\/\"]}]},{\"@type\":\"ImageObject\",\"inLanguage\":\"nb-NO\",\"@id\":\"https:\\\/\\\/smartwalker.se\\\/smartwalker-duo\\\/#primaryimage\",\"url\":\"https:\\\/\\\/smartwalker.se\\\/wp-content\\\/uploads\\\/2023\\\/04\\\/Duo_13-576x1024.jpg\",\"contentUrl\":\"https:\\\/\\\/smartwalker.se\\\/wp-content\\\/uploads\\\/2023\\\/04\\\/Duo_13-576x1024.jpg\"},{\"@type\":\"BreadcrumbList\",\"@id\":\"https:\\\/\\\/smartwalker.se\\\/smartwalker-duo\\\/#breadcrumb\",\"itemListElement\":[{\"@type\":\"ListItem\",\"position\":1,\"name\":\"Hem\",\"item\":\"https:\\\/\\\/smartwalker.se\\\/\"},{\"@type\":\"ListItem\",\"position\":2,\"name\":\"Smartwalker Duo\"}]},{\"@type\":\"WebSite\",\"@id\":\"https:\\\/\\\/smartwalker.se\\\/#website\",\"url\":\"https:\\\/\\\/smartwalker.se\\\/\",\"name\":\"Smartwalker\",\"description\":\"Tr\u00e4ningsutrustning f\u00f6r hundar tillverkat i Danmark!\",\"publisher\":{\"@id\":\"https:\\\/\\\/smartwalker.se\\\/#organization\"},\"potentialAction\":[{\"@type\":\"SearchAction\",\"target\":{\"@type\":\"EntryPoint\",\"urlTemplate\":\"https:\\\/\\\/smartwalker.se\\\/?s={search_term_string}\"},\"query-input\":{\"@type\":\"PropertyValueSpecification\",\"valueRequired\":true,\"valueName\":\"search_term_string\"}}],\"inLanguage\":\"nb-NO\"},{\"@type\":\"Organization\",\"@id\":\"https:\\\/\\\/smartwalker.se\\\/#organization\",\"name\":\"Smartwalker\",\"url\":\"https:\\\/\\\/smartwalker.se\\\/\",\"logo\":{\"@type\":\"ImageObject\",\"inLanguage\":\"nb-NO\",\"@id\":\"https:\\\/\\\/smartwalker.se\\\/#\\\/schema\\\/logo\\\/image\\\/\",\"url\":\"https:\\\/\\\/smartwalker.se\\\/wp-content\\\/uploads\\\/2017\\\/07\\\/9Juw83-3000px-e1501530405960.png\",\"contentUrl\":\"https:\\\/\\\/smartwalker.se\\\/wp-content\\\/uploads\\\/2017\\\/07\\\/9Juw83-3000px-e1501530405960.png\",\"width\":155,\"height\":86,\"caption\":\"Smartwalker\"},\"image\":{\"@id\":\"https:\\\/\\\/smartwalker.se\\\/#\\\/schema\\\/logo\\\/image\\\/\"},\"sameAs\":[\"https:\\\/\\\/www.facebook.com\\\/4bensRehab\"]}]}<\/script>\n<!-- \/ Yoast SEO plugin. -->","yoast_head_json":{"title":"Smartwalker Duo - Smartwalker","robots":{"index":"index","follow":"follow","max-snippet":"max-snippet:-1","max-image-preview":"max-image-preview:large","max-video-preview":"max-video-preview:-1"},"canonical":"https:\/\/smartwalker.se\/nb\/smartwalker-duo\/","og_locale":"nb_NO","og_type":"article","og_title":"Smartwalker Duo - Smartwalker","og_description":"Smartwalker Duo Med Vattentraskaren SMARTWALKER har du alltid ett vattenl\u00f6pband som passar dina behov oavsett om du \u00e4r en hund\u00e4gare eller om du arbetar med Rehabilitering och Friskv\u00e5rd idag och vill inkludera vattentraskare i din verksamhet. SMARTWALKER DUO tillverkas som v\u00e5ra andra SMARTWALKER just f\u00f6r den som ska ha den. SMARTWALKER DUO \u00e4r b\u00e5de ett [&hellip;]","og_url":"https:\/\/smartwalker.se\/nb\/smartwalker-duo\/","og_site_name":"Smartwalker","article_publisher":"https:\/\/www.facebook.com\/4bensRehab","article_modified_time":"2025-09-11T08:48:23+00:00","og_image":[{"url":"https:\/\/smartwalker.se\/wp-content\/uploads\/2023\/04\/Duo_13-576x1024.jpg","type":"","width":"","height":""}],"twitter_card":"summary_large_image","twitter_misc":{"Ansl. lesetid":"1 minutt"},"schema":{"@context":"https:\/\/schema.org","@graph":[{"@type":"WebPage","@id":"https:\/\/smartwalker.se\/smartwalker-duo\/","url":"https:\/\/smartwalker.se\/smartwalker-duo\/","name":"Smartwalker Duo - Smartwalker","isPartOf":{"@id":"https:\/\/smartwalker.se\/#website"},"primaryImageOfPage":{"@id":"https:\/\/smartwalker.se\/smartwalker-duo\/#primaryimage"},"image":{"@id":"https:\/\/smartwalker.se\/smartwalker-duo\/#primaryimage"},"thumbnailUrl":"https:\/\/smartwalker.se\/wp-content\/uploads\/2023\/04\/Duo_13-576x1024.jpg","datePublished":"2023-04-16T10:54:18+00:00","dateModified":"2025-09-11T08:48:23+00:00","breadcrumb":{"@id":"https:\/\/smartwalker.se\/smartwalker-duo\/#breadcrumb"},"inLanguage":"nb-NO","potentialAction":[{"@type":"ReadAction","target":["https:\/\/smartwalker.se\/smartwalker-duo\/"]}]},{"@type":"ImageObject","inLanguage":"nb-NO","@id":"https:\/\/smartwalker.se\/smartwalker-duo\/#primaryimage","url":"https:\/\/smartwalker.se\/wp-content\/uploads\/2023\/04\/Duo_13-576x1024.jpg","contentUrl":"https:\/\/smartwalker.se\/wp-content\/uploads\/2023\/04\/Duo_13-576x1024.jpg"},{"@type":"BreadcrumbList","@id":"https:\/\/smartwalker.se\/smartwalker-duo\/#breadcrumb","itemListElement":[{"@type":"ListItem","position":1,"name":"Hem","item":"https:\/\/smartwalker.se\/"},{"@type":"ListItem","position":2,"name":"Smartwalker Duo"}]},{"@type":"WebSite","@id":"https:\/\/smartwalker.se\/#website","url":"https:\/\/smartwalker.se\/","name":"Smartwalker","description":"Tr\u00e4ningsutrustning f\u00f6r hundar tillverkat i Danmark!","publisher":{"@id":"https:\/\/smartwalker.se\/#organization"},"potentialAction":[{"@type":"SearchAction","target":{"@type":"EntryPoint","urlTemplate":"https:\/\/smartwalker.se\/?s={search_term_string}"},"query-input":{"@type":"PropertyValueSpecification","valueRequired":true,"valueName":"search_term_string"}}],"inLanguage":"nb-NO"},{"@type":"Organization","@id":"https:\/\/smartwalker.se\/#organization","name":"Smartwalker","url":"https:\/\/smartwalker.se\/","logo":{"@type":"ImageObject","inLanguage":"nb-NO","@id":"https:\/\/smartwalker.se\/#\/schema\/logo\/image\/","url":"https:\/\/smartwalker.se\/wp-content\/uploads\/2017\/07\/9Juw83-3000px-e1501530405960.png","contentUrl":"https:\/\/smartwalker.se\/wp-content\/uploads\/2017\/07\/9Juw83-3000px-e1501530405960.png","width":155,"height":86,"caption":"Smartwalker"},"image":{"@id":"https:\/\/smartwalker.se\/#\/schema\/logo\/image\/"},"sameAs":["https:\/\/www.facebook.com\/4bensRehab"]}]}},"_links":{"self":[{"href":"https:\/\/smartwalker.se\/nb\/wp-json\/wp\/v2\/pages\/1766","targetHints":{"allow":["GET"]}}],"collection":[{"href":"https:\/\/smartwalker.se\/nb\/wp-json\/wp\/v2\/pages"}],"about":[{"href":"https:\/\/smartwalker.se\/nb\/wp-json\/wp\/v2\/types\/page"}],"author":[{"embeddable":true,"href":"https:\/\/smartwalker.se\/nb\/wp-json\/wp\/v2\/users\/1"}],"replies":[{"embeddable":true,"href":"https:\/\/smartwalker.se\/nb\/wp-json\/wp\/v2\/comments?post=1766"}],"version-history":[{"count":11,"href":"https:\/\/smartwalker.se\/nb\/wp-json\/wp\/v2\/pages\/1766\/revisions"}],"predecessor-version":[{"id":2052,"href":"https:\/\/smartwalker.se\/nb\/wp-json\/wp\/v2\/pages\/1766\/revisions\/2052"}],"wp:attachment":[{"href":"https:\/\/smartwalker.se\/nb\/wp-json\/wp\/v2\/media?parent=1766"}],"curies":[{"name":"wp","href":"https:\/\/api.w.org\/{rel}","templated":true}]}}